{"id":350762,"date":"2022-11-10T16:30:39","date_gmt":"2022-11-10T15:30:39","guid":{"rendered":"https:\/\/acrobatica.es\/per-que-ea\/"},"modified":"2025-04-09T12:05:07","modified_gmt":"2025-04-09T10:05:07","slug":"per-que-ea","status":"publish","type":"page","link":"https:\/\/acrobatica.es\/ca\/per-que-ea\/","title":{"rendered":"Per qu\u00e8 Acrobatica"},"content":{"rendered":"\n<h2 class=\"wp-block-heading is-style-default has-4-xl-font-size\"><strong>Perqu\u00e8 podr\u00e0s formar part d\u2019un gran projecte empresarial en constant evoluci\u00f3 i amb un r\u00e0pid creixement.<\/strong><\/h2>\n\n\n\n<div style=\"height:5px\" aria-hidden=\"true\" class=\"wp-block-spacer\"><\/div>\n\n\n\n<div class=\"wp-block-columns muy-tablet-two-columns muy-not-reverted is-layout-flex wp-container-3\">\n<div class=\"wp-block-column is-vertically-aligned-center is-layout-flow\">\n<div style=\"height:40px\" aria-hidden=\"true\" class=\"wp-block-spacer\"><\/div>\n\n\n\n<p class=\"\"><strong>Acrobatica\u00ae<\/strong> \u00e9s <strong>l\u00edder<\/strong> en els <strong>treballs en altura<\/strong> amb cordes de seguretat dobles. Vam ser els <strong>pioners<\/strong> a It\u00e0lia a adoptar aquesta t\u00e8cnica d\u2019avantguarda, els primers a tot el m\u00f3n a haver creat un projecte de franqu\u00edcia de construcci\u00f3 amb cordes. Hem ven\u00e7ut la crisi i hem creat noves <strong>oportunitats laborals<\/strong>, sempre amb la mirada posada en el futur. Gr\u00e0cies a la tecnologia innovadora i els coneixements que hem anat adquirint al llarg dels anys, hem creat un servei que est\u00e0 <strong>revolucionant el m\u00f3n de la construcci\u00f3.<\/strong> La innovaci\u00f3 est\u00e0 en el nostre ADN i en l\u2019aire que es respira en l\u2019empresa: les ganes de fer, cr\u00e9ixer i trencar els motlles per a millorar la nostra oferta.<\/p>\n<\/div>\n\n\n\n<div class=\"wp-block-column is-vertically-aligned-center is-layout-flow\"><div class=\"wp-block-image\">\n<figure class=\"aligncenter size-large is-resized\"><img decoding=\"async\" loading=\"lazy\" src=\"https:\/\/acrobatica.es\/app\/uploads\/2021\/06\/01-1024x1024.png\" alt=\"\" class=\"wp-image-32948\" width=\"479\" height=\"479\" srcset=\"https:\/\/acrobatica.es\/app\/uploads\/2021\/06\/01-1024x1024.png 1024w, https:\/\/acrobatica.es\/app\/uploads\/2021\/06\/01-300x300.png 300w, https:\/\/acrobatica.es\/app\/uploads\/2021\/06\/01-150x150.png 150w, https:\/\/acrobatica.es\/app\/uploads\/2021\/06\/01-768x768.png 768w, https:\/\/acrobatica.es\/app\/uploads\/2021\/06\/01-1536x1536.png 1536w, https:\/\/acrobatica.es\/app\/uploads\/2021\/06\/01-2048x2048.png 2048w, https:\/\/acrobatica.es\/app\/uploads\/2021\/06\/01-60x60.png 60w, https:\/\/acrobatica.es\/app\/uploads\/2021\/06\/01-70x70.png 70w, https:\/\/acrobatica.es\/app\/uploads\/2021\/06\/01-1920x1920.png 1920w\" sizes=\"(max-width: 479px) 100vw, 479px\" \/><\/figure><\/div><\/div>\n<\/div>\n\n\n\n<div style=\"height:20px\" aria-hidden=\"true\" class=\"wp-block-spacer\"><\/div>\n\n\n\n<div class=\"wp-block-columns muy-tablet-two-columns muy-not-reverted thor-hidden-sm is-layout-flex wp-container-6\">\n<div class=\"wp-block-column is-vertically-aligned-center is-layout-flow\"><div class=\"wp-block-image\">\n<figure class=\"aligncenter size-large\"><img decoding=\"async\" loading=\"lazy\" width=\"1024\" height=\"1024\" src=\"https:\/\/acrobatica.es\/app\/uploads\/2021\/06\/03-1024x1024.png\" alt=\"\" class=\"wp-image-32956\" srcset=\"https:\/\/acrobatica.es\/app\/uploads\/2021\/06\/03-1024x1024.png 1024w, https:\/\/acrobatica.es\/app\/uploads\/2021\/06\/03-300x300.png 300w, https:\/\/acrobatica.es\/app\/uploads\/2021\/06\/03-150x150.png 150w, https:\/\/acrobatica.es\/app\/uploads\/2021\/06\/03-768x768.png 768w, https:\/\/acrobatica.es\/app\/uploads\/2021\/06\/03-1536x1536.png 1536w, https:\/\/acrobatica.es\/app\/uploads\/2021\/06\/03-2048x2048.png 2048w, https:\/\/acrobatica.es\/app\/uploads\/2021\/06\/03-60x60.png 60w, https:\/\/acrobatica.es\/app\/uploads\/2021\/06\/03-70x70.png 70w, https:\/\/acrobatica.es\/app\/uploads\/2021\/06\/03-1920x1920.png 1920w\" sizes=\"(max-width: 1024px) 100vw, 1024px\" \/><\/figure><\/div><\/div>\n\n\n\n<div class=\"wp-block-column is-vertically-aligned-center is-layout-flow\">\n<h2 class=\"wp-block-heading is-style-default has-3-xl-font-size\"><strong>Perqu\u00e8 reconeixem la import\u00e0ncia dels recursos humans per a aconseguir l\u2019\u00e8xit d\u2019una empresa.<\/strong><\/h2>\n\n\n\n<div style=\"height:40px\" aria-hidden=\"true\" class=\"wp-block-spacer\"><\/div>\n\n\n\n<p class=\"\">El nostre entorn de treball es distingeix de totes les altres empreses perqu\u00e8 es basa en <strong>l\u2019\u00e8tica<\/strong> i els <strong>valors compartits.<\/strong> Les persones s\u00f3n l\u2019eix del nostre projecte empresarial: persones motivades que treballen amb passi\u00f3, amb ganes de cr\u00e9ixer i de fer que elles i el grup millorin. Dels <strong>valors \u00e8tics<\/strong>, que s\u00f3n la base del nostre treball, depenen la motivaci\u00f3, la c\u00e0rrega positiva, la confian\u00e7a i l\u2019assoliment dels objectius.<\/p>\n<\/div>\n<\/div>\n\n\n\n<div class=\"wp-block-columns muy-tablet-two-columns muy-not-reverted thor-hidden-md thor-hidden-lg thor-hidden-xl is-layout-flex wp-container-9\">\n<div class=\"wp-block-column is-vertically-aligned-center is-layout-flow\">\n<h2 class=\"wp-block-heading is-style-default has-3-xl-font-size\"><strong>Perqu\u00e8 t\u2019oferim un creixement professional, a m\u00e9s de l\u2019oportunitat de desenvolupar el teu talent i les teves aspiracions.<\/strong><\/h2>\n\n\n\n<div style=\"height:40px\" aria-hidden=\"true\" class=\"wp-block-spacer\"><\/div>\n\n\n\n<p class=\"\">Amb nosaltres podr\u00e0s treballar en el <strong>sector de la construcci\u00f3<\/strong> en un molt bon ambient , que promou la <strong>meritocr\u00e0cia<\/strong>, el foment de les capacitats individuals, la igualtat d\u2019oportunitats i les noves idees. A <strong>Acrobatica\u00ae<\/strong>, tots, des del paleta a la corda fins al t\u00e8cnic, des de l\u2019administratiu fins al director, tenen l\u2019oportunitat de realitzar-se i seguir un cam\u00ed de creixement personal sense l\u00edmits, que s\u2019enriqueix de manera cont\u00ednua gr\u00e0cies a la implantaci\u00f3 de <strong>cursos de formaci\u00f3<\/strong> espec\u00edfics. Per a aconseguir aquest objectiu, hem creat la nostra acad\u00e8mia d\u2019estudi interna, <strong>EAcademy<\/strong>, amb quatre classes al mes dirigides a tots els empleats i cinc classes al mes dirigides als treballadors amb cordes.<\/p>\n<\/div>\n\n\n\n<div class=\"wp-block-column is-vertically-aligned-center is-layout-flow\"><div class=\"wp-block-image\">\n<figure class=\"aligncenter size-large\"><img decoding=\"async\" loading=\"lazy\" width=\"1024\" height=\"1024\" src=\"https:\/\/acrobatica.es\/app\/uploads\/2021\/06\/03-1024x1024.png\" alt=\"\" class=\"wp-image-32956\" srcset=\"https:\/\/acrobatica.es\/app\/uploads\/2021\/06\/03-1024x1024.png 1024w, https:\/\/acrobatica.es\/app\/uploads\/2021\/06\/03-300x300.png 300w, https:\/\/acrobatica.es\/app\/uploads\/2021\/06\/03-150x150.png 150w, https:\/\/acrobatica.es\/app\/uploads\/2021\/06\/03-768x768.png 768w, https:\/\/acrobatica.es\/app\/uploads\/2021\/06\/03-1536x1536.png 1536w, https:\/\/acrobatica.es\/app\/uploads\/2021\/06\/03-2048x2048.png 2048w, https:\/\/acrobatica.es\/app\/uploads\/2021\/06\/03-60x60.png 60w, https:\/\/acrobatica.es\/app\/uploads\/2021\/06\/03-70x70.png 70w, https:\/\/acrobatica.es\/app\/uploads\/2021\/06\/03-1920x1920.png 1920w\" sizes=\"(max-width: 1024px) 100vw, 1024px\" \/><\/figure><\/div><\/div>\n<\/div>\n\n\n\n<div style=\"height:20px\" aria-hidden=\"true\" class=\"wp-block-spacer\"><\/div>\n\n\n\n<div style=\"height:20px\" aria-hidden=\"true\" class=\"wp-block-spacer\"><\/div>\n\n\n\n<h2 class=\"wp-block-heading is-style-default has-3-xl-font-size\"><strong>Perqu\u00e8 al costat de nosaltres, pots triar convertir-te en la millor versi\u00f3 de tu.<\/strong><\/h2>\n","protected":false},"excerpt":{"rendered":"<p>Perqu\u00e8 podr\u00e0s formar part d\u2019un gran projecte empresarial en constant evoluci\u00f3 i amb un r\u00e0pid creixement. Acrobatica\u00ae \u00e9s l\u00edder en&#8230;<\/p>\n","protected":false},"author":1,"featured_media":346557,"parent":0,"menu_order":0,"comment_status":"closed","ping_status":"closed","template":"","meta":[],"yoast_description":"Perqu\u00e8 podr\u00e0s formar part d'un gran projecte empresarial en constant evoluci\u00f3 i amb un r\u00e0pid creixement.","yoast_title":"Per qu\u00e8 Acrobatica - Acrobatica","acf":[],"yoast_head":"<!-- This site is optimized with the Yoast SEO plugin v20.3 - https:\/\/yoast.com\/wordpress\/plugins\/seo\/ -->\n<title>Per qu\u00e8 Acrobatica - Acrobatica<\/title>\n<meta name=\"description\" content=\"Perqu\u00e8 podr\u00e0s formar part d&#039;un gran projecte empresarial en constant evoluci\u00f3 i amb un r\u00e0pid creixement.\" \/>\n<meta name=\"robots\" content=\"noindex, follow\" \/>\n<meta property=\"og:locale\" content=\"ca_ES\" \/>\n<meta property=\"og:type\" content=\"article\" \/>\n<meta property=\"og:title\" content=\"Per qu\u00e8 Acrobatica - Acrobatica\" \/>\n<meta property=\"og:description\" content=\"Perqu\u00e8 podr\u00e0s formar part d&#039;un gran projecte empresarial en constant evoluci\u00f3 i amb un r\u00e0pid creixement.\" \/>\n<meta property=\"og:url\" content=\"https:\/\/acrobatica.es\/ca\/per-que-ea\/\" \/>\n<meta property=\"og:site_name\" content=\"Acrobatica\" \/>\n<meta property=\"article:modified_time\" content=\"2025-04-09T10:05:07+00:00\" \/>\n<meta property=\"og:image\" content=\"https:\/\/acrobatica.es\/app\/uploads\/2021\/06\/12_perche\u0300-EA_desk-scaled.jpg\" \/>\n\t<meta property=\"og:image:width\" content=\"2560\" \/>\n\t<meta property=\"og:image:height\" content=\"747\" \/>\n\t<meta property=\"og:image:type\" content=\"image\/jpeg\" \/>\n<meta name=\"twitter:card\" content=\"summary_large_image\" \/>\n<meta name=\"twitter:label1\" content=\"Est. reading time\" \/>\n\t<meta name=\"twitter:data1\" content=\"3 minutes\" \/>\n<script type=\"application\/ld+json\" class=\"yoast-schema-graph\">{\"@context\":\"https:\/\/schema.org\",\"@graph\":[{\"@type\":\"WebPage\",\"@id\":\"https:\/\/acrobatica.es\/ca\/per-que-ea\/\",\"url\":\"https:\/\/acrobatica.es\/ca\/per-que-ea\/\",\"name\":\"Per qu\u00e8 Acrobatica - Acrobatica\",\"isPartOf\":{\"@id\":\"https:\/\/acrobatica.es\/#website\"},\"datePublished\":\"2022-11-10T15:30:39+00:00\",\"dateModified\":\"2025-04-09T10:05:07+00:00\",\"description\":\"Perqu\u00e8 podr\u00e0s formar part d'un gran projecte empresarial en constant evoluci\u00f3 i amb un r\u00e0pid creixement.\",\"breadcrumb\":{\"@id\":\"https:\/\/acrobatica.es\/ca\/per-que-ea\/#breadcrumb\"},\"inLanguage\":\"ca\",\"potentialAction\":[{\"@type\":\"ReadAction\",\"target\":[\"https:\/\/acrobatica.es\/ca\/per-que-ea\/\"]}]},{\"@type\":\"BreadcrumbList\",\"@id\":\"https:\/\/acrobatica.es\/ca\/per-que-ea\/#breadcrumb\",\"itemListElement\":[{\"@type\":\"ListItem\",\"position\":1,\"name\":\"Home\",\"item\":\"https:\/\/acrobatica.es\/ca\/\"},{\"@type\":\"ListItem\",\"position\":2,\"name\":\"Per qu\u00e8 Acrobatica\"}]},{\"@type\":\"WebSite\",\"@id\":\"https:\/\/acrobatica.es\/#website\",\"url\":\"https:\/\/acrobatica.es\/\",\"name\":\"Acrobatica\",\"description\":\"Ristrutturazioni edili senza ponteggi\",\"publisher\":{\"@id\":\"https:\/\/acrobatica.es\/#organization\"},\"potentialAction\":[{\"@type\":\"SearchAction\",\"target\":{\"@type\":\"EntryPoint\",\"urlTemplate\":\"https:\/\/acrobatica.es\/?s={search_term_string}\"},\"query-input\":\"required name=search_term_string\"}],\"inLanguage\":\"ca\"},{\"@type\":\"Organization\",\"@id\":\"https:\/\/acrobatica.es\/#organization\",\"name\":\"Acrobatica\u00ae\",\"url\":\"https:\/\/acrobatica.es\/\",\"logo\":{\"@type\":\"ImageObject\",\"inLanguage\":\"ca\",\"@id\":\"https:\/\/acrobatica.es\/#\/schema\/logo\/image\/\",\"url\":\"https:\/\/ediliziacrobatica.com\/web\/app\/uploads\/2021\/06\/logo-ediliziacrobatica.png\",\"contentUrl\":\"https:\/\/ediliziacrobatica.com\/web\/app\/uploads\/2021\/06\/logo-ediliziacrobatica.png\",\"width\":484,\"height\":104,\"caption\":\"Acrobatica\u00ae\"},\"image\":{\"@id\":\"https:\/\/acrobatica.es\/#\/schema\/logo\/image\/\"}}]}<\/script>\n<!-- \/ Yoast SEO plugin. -->","yoast_head_json":{"title":"Per qu\u00e8 Acrobatica - Acrobatica","description":"Perqu\u00e8 podr\u00e0s formar part d'un gran projecte empresarial en constant evoluci\u00f3 i amb un r\u00e0pid creixement.","robots":{"index":"noindex","follow":"follow"},"og_locale":"ca_ES","og_type":"article","og_title":"Per qu\u00e8 Acrobatica - Acrobatica","og_description":"Perqu\u00e8 podr\u00e0s formar part d'un gran projecte empresarial en constant evoluci\u00f3 i amb un r\u00e0pid creixement.","og_url":"https:\/\/acrobatica.es\/ca\/per-que-ea\/","og_site_name":"Acrobatica","article_modified_time":"2025-04-09T10:05:07+00:00","og_image":[{"width":2560,"height":747,"url":"https:\/\/acrobatica.es\/app\/uploads\/2021\/06\/12_perche\u0300-EA_desk-scaled.jpg","type":"image\/jpeg"}],"twitter_card":"summary_large_image","twitter_misc":{"Est. reading time":"3 minutes"},"schema":{"@context":"https:\/\/schema.org","@graph":[{"@type":"WebPage","@id":"https:\/\/acrobatica.es\/ca\/per-que-ea\/","url":"https:\/\/acrobatica.es\/ca\/per-que-ea\/","name":"Per qu\u00e8 Acrobatica - Acrobatica","isPartOf":{"@id":"https:\/\/acrobatica.es\/#website"},"datePublished":"2022-11-10T15:30:39+00:00","dateModified":"2025-04-09T10:05:07+00:00","description":"Perqu\u00e8 podr\u00e0s formar part d'un gran projecte empresarial en constant evoluci\u00f3 i amb un r\u00e0pid creixement.","breadcrumb":{"@id":"https:\/\/acrobatica.es\/ca\/per-que-ea\/#breadcrumb"},"inLanguage":"ca","potentialAction":[{"@type":"ReadAction","target":["https:\/\/acrobatica.es\/ca\/per-que-ea\/"]}]},{"@type":"BreadcrumbList","@id":"https:\/\/acrobatica.es\/ca\/per-que-ea\/#breadcrumb","itemListElement":[{"@type":"ListItem","position":1,"name":"Home","item":"https:\/\/acrobatica.es\/ca\/"},{"@type":"ListItem","position":2,"name":"Per qu\u00e8 Acrobatica"}]},{"@type":"WebSite","@id":"https:\/\/acrobatica.es\/#website","url":"https:\/\/acrobatica.es\/","name":"Acrobatica","description":"Ristrutturazioni edili senza ponteggi","publisher":{"@id":"https:\/\/acrobatica.es\/#organization"},"potentialAction":[{"@type":"SearchAction","target":{"@type":"EntryPoint","urlTemplate":"https:\/\/acrobatica.es\/?s={search_term_string}"},"query-input":"required name=search_term_string"}],"inLanguage":"ca"},{"@type":"Organization","@id":"https:\/\/acrobatica.es\/#organization","name":"Acrobatica\u00ae","url":"https:\/\/acrobatica.es\/","logo":{"@type":"ImageObject","inLanguage":"ca","@id":"https:\/\/acrobatica.es\/#\/schema\/logo\/image\/","url":"https:\/\/ediliziacrobatica.com\/web\/app\/uploads\/2021\/06\/logo-ediliziacrobatica.png","contentUrl":"https:\/\/ediliziacrobatica.com\/web\/app\/uploads\/2021\/06\/logo-ediliziacrobatica.png","width":484,"height":104,"caption":"Acrobatica\u00ae"},"image":{"@id":"https:\/\/acrobatica.es\/#\/schema\/logo\/image\/"}}]}},"_links":{"self":[{"href":"https:\/\/acrobatica.es\/ca\/wp-json\/wp\/v2\/pages\/350762"}],"collection":[{"href":"https:\/\/acrobatica.es\/ca\/wp-json\/wp\/v2\/pages"}],"about":[{"href":"https:\/\/acrobatica.es\/ca\/wp-json\/wp\/v2\/types\/page"}],"author":[{"embeddable":true,"href":"https:\/\/acrobatica.es\/ca\/wp-json\/wp\/v2\/users\/1"}],"replies":[{"embeddable":true,"href":"https:\/\/acrobatica.es\/ca\/wp-json\/wp\/v2\/comments?post=350762"}],"version-history":[{"count":5,"href":"https:\/\/acrobatica.es\/ca\/wp-json\/wp\/v2\/pages\/350762\/revisions"}],"predecessor-version":[{"id":352922,"href":"https:\/\/acrobatica.es\/ca\/wp-json\/wp\/v2\/pages\/350762\/revisions\/352922"}],"wp:featuredmedia":[{"embeddable":true,"href":"https:\/\/acrobatica.es\/ca\/wp-json\/wp\/v2\/media\/346557"}],"wp:attachment":[{"href":"https:\/\/acrobatica.es\/ca\/wp-json\/wp\/v2\/media?parent=350762"}],"curies":[{"name":"wp","href":"https:\/\/api.w.org\/{rel}","templated":true}]}}