{"id":350764,"date":"2022-11-10T16:36:52","date_gmt":"2022-11-10T15:36:52","guid":{"rendered":"https:\/\/acrobatica.es\/el-nostre-equip\/"},"modified":"2025-09-29T18:03:57","modified_gmt":"2025-09-29T16:03:57","slug":"el-nostre-equip","status":"publish","type":"page","link":"https:\/\/acrobatica.es\/ca\/el-nostre-equip\/","title":{"rendered":"Coneix l&#8217;equip d&#8217;Acrobatica: professionals especialitzats en treballs en altura"},"content":{"rendered":"\n<p class=\"has-4-xl-font-size\"><strong>La veritable for\u00e7a d\u2019Acrobatica\u00ae Iberica s\u00f3n les persones.<\/strong><\/p>\n\n\n\n<div style=\"height:40px\" aria-hidden=\"true\" class=\"wp-block-spacer\"><\/div>\n\n\n\n<p class=\"\">El grup, l\u00edder a It\u00e0lia en el <strong>treball en altura<\/strong> amb cordes, creu fermament que <strong>l\u2019\u00e8xit<\/strong> de qualsevol empresa est\u00e0 estrictament lligat a la <strong>plena realitzaci\u00f3<\/strong> de tots els que la componen. Per aquest motiu, el flor\u00f3 que impregna tota la tasca d\u2019<strong>Acrobatica\u00ae Iberica<\/strong> \u00e9s la valoritzaci\u00f3 dels recursos humans. El nostre \u00e9s un personal motivat que treballa cada dia amb passi\u00f3 i dedicaci\u00f3. Persones que malgrat les seves difer\u00e8ncies estan lligades per valors \u00e8tics compartits. De fet, el que hem apr\u00e8s durant molts anys d\u2019activitat \u00e9s que viure seguint principis s\u00f2lids permet aconseguir l\u2019\u00e8xit; depenen d\u2019aquests la motivaci\u00f3, la c\u00e0rrega positiva, l\u2019autoconfian\u00e7a i l\u2019assoliment dels objectius.<\/p>\n\n\n\n<div style=\"height:50px\" aria-hidden=\"true\" class=\"wp-block-spacer\"><\/div>\n\n\n\n<p class=\"\">Aix\u00ed que a <strong>Acrobatica\u00ae<\/strong> <strong>Iberica<\/strong> hem creat no sols una forma innovadora de fer construcci\u00f3 gr\u00e0cies al <strong>treball en altura amb cordes,<\/strong>sino tambi\u00e9n un ambiente de trabajo positivo en el que todos, desde el trabajador vertical hasta el aparejador, el administrativo y el gerente, tienen la posibilidad de realizarse, porque solo conociendo individualmente a las personas que la componen, la empresa puede desarrollarse y mejorarse.<\/p>\n\n\n\n<div style=\"height:50px\" aria-hidden=\"true\" class=\"wp-block-spacer\"><\/div>\n\n\n\n<p class=\"is-style-font-book has-xl-font-size\"><strong>Tant el nostre comprom\u00eds com la nostra atenci\u00f3 als recursos humans ens han premiat, de fet, en els anys m\u00e9s foscos de la crisi del <strong>sector de la construcci\u00f3<\/strong>, on el nombre d\u2019empreses que han tancat ha estat m\u00e9s alt de les que han obert, <strong>Acrobatica\u00ae Iberica ha continuat creixent exponencialment.<\/strong><\/strong><\/p>\n\n\n\n<div style=\"height:50px\" aria-hidden=\"true\" class=\"wp-block-spacer\"><\/div>\n\n\n\n<p class=\"has-4-xl-font-size\" style=\"line-height:1.3\"><strong>Acrobatica\u00ae<\/strong> <strong>Iberica <\/strong>\u00e9s una de les primeres empreses d\u2019It\u00e0lia a invertir en major mesura en la formaci\u00f3.<\/p>\n\n\n\n<div style=\"height:39px\" aria-hidden=\"true\" class=\"wp-block-spacer\"><\/div>\n\n\n\n<div class=\"wp-block-columns muy-tablet-two-columns muy-not-reverted is-layout-flex wp-container-3\">\n<div class=\"wp-block-column is-vertically-aligned-center is-layout-flow\">\n<p class=\"\">La gesti\u00f3 de recursos humans \u00e9s l\u2019element que marca la difer\u00e8ncia en l\u2019\u00e8xit d\u2019una empresa i la formaci\u00f3 del personal juga un paper fonamental. Des de fa m\u00e9s d\u2019una d\u00e8cada, <strong>Acrobatica\u00ae Iberica ha optat per invertir en formaci\u00f3.<\/strong><\/p>\n\n\n\n<p class=\"\">A trav\u00e9s de l\u2019empresa <strong>OSM EDAC I-Profile<\/strong>, l\u2019empresa ofereix constantment <strong>cursos espec\u00edfics<\/strong> i avui pot comptar amb una xarxa d\u2019empleats i col\u00b7laboradors altament especialitzats i motivats, garantint un est\u00e0ndard d\u2019excel\u00b7l\u00e8ncia en qualitat de <strong>servei<\/strong> i <strong>seguretat<\/strong> en l\u2019obra.<\/p>\n\n\n\n<hr class=\"wp-block-separator has-css-opacity\"\/>\n\n\n\n<p class=\"has-large-font-size\"><em><em>\u201cLa nostra for\u00e7a<\/em><\/em> \u2013 subratlla la presidenta del grup i responsable de Formaci\u00f3 Interna, <strong>Anna Marras<\/strong> \u2013 <em><em>est\u00e0 precisament a donar als nostres treballadors les eines no sols t\u00e8cniques sin\u00f3 tamb\u00e9 humanes per a tenir \u00e8xit en el seu treball\u201d.<\/em><\/em><\/p>\n<\/div>\n\n\n\n<div class=\"wp-block-column is-vertically-aligned-top is-layout-flow\"><div class=\"wp-block-image\">\n<figure class=\"aligncenter size-large\"><img decoding=\"async\" loading=\"lazy\" width=\"1024\" height=\"1024\" src=\"https:\/\/acrobatica.es\/app\/uploads\/2021\/06\/01-1024x1024.png\" alt=\"\" class=\"wp-image-32948\" srcset=\"https:\/\/acrobatica.es\/app\/uploads\/2021\/06\/01-1024x1024.png 1024w, https:\/\/acrobatica.es\/app\/uploads\/2021\/06\/01-300x300.png 300w, https:\/\/acrobatica.es\/app\/uploads\/2021\/06\/01-150x150.png 150w, https:\/\/acrobatica.es\/app\/uploads\/2021\/06\/01-768x768.png 768w, https:\/\/acrobatica.es\/app\/uploads\/2021\/06\/01-1536x1536.png 1536w, https:\/\/acrobatica.es\/app\/uploads\/2021\/06\/01-2048x2048.png 2048w, https:\/\/acrobatica.es\/app\/uploads\/2021\/06\/01-60x60.png 60w, https:\/\/acrobatica.es\/app\/uploads\/2021\/06\/01-70x70.png 70w, https:\/\/acrobatica.es\/app\/uploads\/2021\/06\/01-1920x1920.png 1920w\" sizes=\"(max-width: 1024px) 100vw, 1024px\" \/><\/figure><\/div><\/div>\n<\/div>\n\n\n\n<div style=\"height:100px\" aria-hidden=\"true\" class=\"wp-block-spacer\"><\/div>\n","protected":false},"excerpt":{"rendered":"<p>La veritable for\u00e7a d\u2019Acrobatica\u00ae Iberica s\u00f3n les persones. El grup, l\u00edder a It\u00e0lia en el treball en altura amb cordes,&#8230;<\/p>\n","protected":false},"author":1,"featured_media":346599,"parent":0,"menu_order":0,"comment_status":"closed","ping_status":"closed","template":"","meta":[],"yoast_description":"Descobreix l'equip hum\u00e0 d'Acrobatica, experts en treballs verticals i serveis en altura en Espa\u00f1a. Professionalitat i experi\u00e8ncia al teu servei.","yoast_title":"Coneix l'equip d'Acrobatica: professionals especialitzats en treballs en altura","acf":[],"yoast_head":"<!-- This site is optimized with the Yoast SEO plugin v20.3 - https:\/\/yoast.com\/wordpress\/plugins\/seo\/ -->\n<title>Coneix l&#039;equip d&#039;Acrobatica: professionals especialitzats en treballs en altura<\/title>\n<meta name=\"description\" content=\"Descobreix l&#039;equip hum\u00e0 d&#039;Acrobatica, experts en treballs verticals i serveis en altura en Espa\u00f1a. Professionalitat i experi\u00e8ncia al teu servei.\" \/>\n<meta name=\"robots\" content=\"noindex, follow\" \/>\n<meta property=\"og:locale\" content=\"ca_ES\" \/>\n<meta property=\"og:type\" content=\"article\" \/>\n<meta property=\"og:title\" content=\"Coneix l&#039;equip d&#039;Acrobatica: professionals especialitzats en treballs en altura\" \/>\n<meta property=\"og:description\" content=\"Descobreix l&#039;equip hum\u00e0 d&#039;Acrobatica, experts en treballs verticals i serveis en altura en Espa\u00f1a. Professionalitat i experi\u00e8ncia al teu servei.\" \/>\n<meta property=\"og:url\" content=\"https:\/\/acrobatica.es\/ca\/el-nostre-equip\/\" \/>\n<meta property=\"og:site_name\" content=\"Acrobatica\" \/>\n<meta property=\"article:modified_time\" content=\"2025-09-29T16:03:57+00:00\" \/>\n<meta property=\"og:image\" content=\"https:\/\/acrobatica.es\/app\/uploads\/2021\/06\/14_iltema_desk-scaled.jpg\" \/>\n\t<meta property=\"og:image:width\" content=\"2560\" \/>\n\t<meta property=\"og:image:height\" content=\"747\" \/>\n\t<meta property=\"og:image:type\" content=\"image\/jpeg\" \/>\n<meta name=\"twitter:card\" content=\"summary_large_image\" \/>\n<meta name=\"twitter:label1\" content=\"Est. reading time\" \/>\n\t<meta name=\"twitter:data1\" content=\"2 minutes\" \/>\n<script type=\"application\/ld+json\" class=\"yoast-schema-graph\">{\"@context\":\"https:\/\/schema.org\",\"@graph\":[{\"@type\":\"WebPage\",\"@id\":\"https:\/\/acrobatica.es\/ca\/el-nostre-equip\/\",\"url\":\"https:\/\/acrobatica.es\/ca\/el-nostre-equip\/\",\"name\":\"Coneix l'equip d'Acrobatica: professionals especialitzats en treballs en altura\",\"isPartOf\":{\"@id\":\"https:\/\/acrobatica.es\/#website\"},\"datePublished\":\"2022-11-10T15:36:52+00:00\",\"dateModified\":\"2025-09-29T16:03:57+00:00\",\"description\":\"Descobreix l'equip hum\u00e0 d'Acrobatica, experts en treballs verticals i serveis en altura en Espa\u00f1a. Professionalitat i experi\u00e8ncia al teu servei.\",\"breadcrumb\":{\"@id\":\"https:\/\/acrobatica.es\/ca\/el-nostre-equip\/#breadcrumb\"},\"inLanguage\":\"ca\",\"potentialAction\":[{\"@type\":\"ReadAction\",\"target\":[\"https:\/\/acrobatica.es\/ca\/el-nostre-equip\/\"]}]},{\"@type\":\"BreadcrumbList\",\"@id\":\"https:\/\/acrobatica.es\/ca\/el-nostre-equip\/#breadcrumb\",\"itemListElement\":[{\"@type\":\"ListItem\",\"position\":1,\"name\":\"Home\",\"item\":\"https:\/\/acrobatica.es\/ca\/\"},{\"@type\":\"ListItem\",\"position\":2,\"name\":\"Coneix l&#8217;equip d&#8217;Acrobatica: professionals especialitzats en treballs en altura\"}]},{\"@type\":\"WebSite\",\"@id\":\"https:\/\/acrobatica.es\/#website\",\"url\":\"https:\/\/acrobatica.es\/\",\"name\":\"Acrobatica\",\"description\":\"Ristrutturazioni edili senza ponteggi\",\"publisher\":{\"@id\":\"https:\/\/acrobatica.es\/#organization\"},\"potentialAction\":[{\"@type\":\"SearchAction\",\"target\":{\"@type\":\"EntryPoint\",\"urlTemplate\":\"https:\/\/acrobatica.es\/?s={search_term_string}\"},\"query-input\":\"required name=search_term_string\"}],\"inLanguage\":\"ca\"},{\"@type\":\"Organization\",\"@id\":\"https:\/\/acrobatica.es\/#organization\",\"name\":\"Acrobatica\u00ae\",\"url\":\"https:\/\/acrobatica.es\/\",\"logo\":{\"@type\":\"ImageObject\",\"inLanguage\":\"ca\",\"@id\":\"https:\/\/acrobatica.es\/#\/schema\/logo\/image\/\",\"url\":\"https:\/\/ediliziacrobatica.com\/web\/app\/uploads\/2021\/06\/logo-ediliziacrobatica.png\",\"contentUrl\":\"https:\/\/ediliziacrobatica.com\/web\/app\/uploads\/2021\/06\/logo-ediliziacrobatica.png\",\"width\":484,\"height\":104,\"caption\":\"Acrobatica\u00ae\"},\"image\":{\"@id\":\"https:\/\/acrobatica.es\/#\/schema\/logo\/image\/\"}}]}<\/script>\n<!-- \/ Yoast SEO plugin. -->","yoast_head_json":{"title":"Coneix l'equip d'Acrobatica: professionals especialitzats en treballs en altura","description":"Descobreix l'equip hum\u00e0 d'Acrobatica, experts en treballs verticals i serveis en altura en Espa\u00f1a. Professionalitat i experi\u00e8ncia al teu servei.","robots":{"index":"noindex","follow":"follow"},"og_locale":"ca_ES","og_type":"article","og_title":"Coneix l'equip d'Acrobatica: professionals especialitzats en treballs en altura","og_description":"Descobreix l'equip hum\u00e0 d'Acrobatica, experts en treballs verticals i serveis en altura en Espa\u00f1a. Professionalitat i experi\u00e8ncia al teu servei.","og_url":"https:\/\/acrobatica.es\/ca\/el-nostre-equip\/","og_site_name":"Acrobatica","article_modified_time":"2025-09-29T16:03:57+00:00","og_image":[{"width":2560,"height":747,"url":"https:\/\/acrobatica.es\/app\/uploads\/2021\/06\/14_iltema_desk-scaled.jpg","type":"image\/jpeg"}],"twitter_card":"summary_large_image","twitter_misc":{"Est. reading time":"2 minutes"},"schema":{"@context":"https:\/\/schema.org","@graph":[{"@type":"WebPage","@id":"https:\/\/acrobatica.es\/ca\/el-nostre-equip\/","url":"https:\/\/acrobatica.es\/ca\/el-nostre-equip\/","name":"Coneix l'equip d'Acrobatica: professionals especialitzats en treballs en altura","isPartOf":{"@id":"https:\/\/acrobatica.es\/#website"},"datePublished":"2022-11-10T15:36:52+00:00","dateModified":"2025-09-29T16:03:57+00:00","description":"Descobreix l'equip hum\u00e0 d'Acrobatica, experts en treballs verticals i serveis en altura en Espa\u00f1a. Professionalitat i experi\u00e8ncia al teu servei.","breadcrumb":{"@id":"https:\/\/acrobatica.es\/ca\/el-nostre-equip\/#breadcrumb"},"inLanguage":"ca","potentialAction":[{"@type":"ReadAction","target":["https:\/\/acrobatica.es\/ca\/el-nostre-equip\/"]}]},{"@type":"BreadcrumbList","@id":"https:\/\/acrobatica.es\/ca\/el-nostre-equip\/#breadcrumb","itemListElement":[{"@type":"ListItem","position":1,"name":"Home","item":"https:\/\/acrobatica.es\/ca\/"},{"@type":"ListItem","position":2,"name":"Coneix l&#8217;equip d&#8217;Acrobatica: professionals especialitzats en treballs en altura"}]},{"@type":"WebSite","@id":"https:\/\/acrobatica.es\/#website","url":"https:\/\/acrobatica.es\/","name":"Acrobatica","description":"Ristrutturazioni edili senza ponteggi","publisher":{"@id":"https:\/\/acrobatica.es\/#organization"},"potentialAction":[{"@type":"SearchAction","target":{"@type":"EntryPoint","urlTemplate":"https:\/\/acrobatica.es\/?s={search_term_string}"},"query-input":"required name=search_term_string"}],"inLanguage":"ca"},{"@type":"Organization","@id":"https:\/\/acrobatica.es\/#organization","name":"Acrobatica\u00ae","url":"https:\/\/acrobatica.es\/","logo":{"@type":"ImageObject","inLanguage":"ca","@id":"https:\/\/acrobatica.es\/#\/schema\/logo\/image\/","url":"https:\/\/ediliziacrobatica.com\/web\/app\/uploads\/2021\/06\/logo-ediliziacrobatica.png","contentUrl":"https:\/\/ediliziacrobatica.com\/web\/app\/uploads\/2021\/06\/logo-ediliziacrobatica.png","width":484,"height":104,"caption":"Acrobatica\u00ae"},"image":{"@id":"https:\/\/acrobatica.es\/#\/schema\/logo\/image\/"}}]}},"_links":{"self":[{"href":"https:\/\/acrobatica.es\/ca\/wp-json\/wp\/v2\/pages\/350764"}],"collection":[{"href":"https:\/\/acrobatica.es\/ca\/wp-json\/wp\/v2\/pages"}],"about":[{"href":"https:\/\/acrobatica.es\/ca\/wp-json\/wp\/v2\/types\/page"}],"author":[{"embeddable":true,"href":"https:\/\/acrobatica.es\/ca\/wp-json\/wp\/v2\/users\/1"}],"replies":[{"embeddable":true,"href":"https:\/\/acrobatica.es\/ca\/wp-json\/wp\/v2\/comments?post=350764"}],"version-history":[{"count":6,"href":"https:\/\/acrobatica.es\/ca\/wp-json\/wp\/v2\/pages\/350764\/revisions"}],"predecessor-version":[{"id":353225,"href":"https:\/\/acrobatica.es\/ca\/wp-json\/wp\/v2\/pages\/350764\/revisions\/353225"}],"wp:featuredmedia":[{"embeddable":true,"href":"https:\/\/acrobatica.es\/ca\/wp-json\/wp\/v2\/media\/346599"}],"wp:attachment":[{"href":"https:\/\/acrobatica.es\/ca\/wp-json\/wp\/v2\/media?parent=350764"}],"curies":[{"name":"wp","href":"https:\/\/api.w.org\/{rel}","templated":true}]}}