{"id":350766,"date":"2022-11-10T16:42:08","date_gmt":"2022-11-10T15:42:08","guid":{"rendered":"https:\/\/acrobatica.es\/que-toferim\/"},"modified":"2024-09-06T12:21:18","modified_gmt":"2024-09-06T10:21:18","slug":"que-toferim","status":"publish","type":"page","link":"https:\/\/acrobatica.es\/ca\/que-toferim\/","title":{"rendered":"Qu\u00e8 t\u2019oferim"},"content":{"rendered":"\n<p class=\"\"><\/p>\n\n\n\n<h2 class=\"wp-block-heading has-4-xl-font-size\"><strong>LES EMPRESES ESTAN FORMADES PER PERSONES<\/strong><\/h2>\n\n\n\n<h2 class=\"wp-block-heading has-4-xl-font-size\"><strong>I \u00c9S NOM\u00c9S GR\u00c0CIES A LA SEVA SATISFACCI\u00d3 PERSONAL<\/strong><\/h2>\n\n\n\n<h2 class=\"wp-block-heading has-4-xl-font-size\"><strong>QUE L\u2019EMPRESA POT GUANYAR.<\/strong><\/h2>\n\n\n\n<div style=\"height:30px\" aria-hidden=\"true\" class=\"wp-block-spacer\"><\/div>\n\n\n\n<p class=\"\">A Acrobatica\u00ae tens l\u2019oportunitat de seguir cursos de formaci\u00f3 <strong>personalitzats i plans de creixement.<\/strong> Tots els mesos, durant dos dies, l\u2019empresa det\u00e9 la producci\u00f3 relacionada amb el negoci per a dedicar-se a la formaci\u00f3 dels seus recursos.<\/p>\n\n\n\n<p class=\"\">Tindr\u00e0s un pla de formaci\u00f3 personalitzat per a tu, formadors dedicats, <strong>manuals espec\u00edfics<\/strong> i <strong>proves interm\u00e8dies<\/strong> que t\u2019ajudaran a aconseguir els teus resultats. L\u2019acad\u00e8mia interna, la <strong>EAcademy<\/strong>, et seguir\u00e0 en el teu cam\u00ed i garantir\u00e0 el teu \u00e8xit; des del curs de Lideratge fins al de comunicaci\u00f3, cursos per a gestionar la pressi\u00f3, orat\u00f2ria, vendes, m\u00e0rqueting, gesti\u00f3 i organitzaci\u00f3 empresarial: els continguts formatius s\u00f3n rics i profunds.<\/p>\n\n\n\n<div style=\"height:50px\" aria-hidden=\"true\" class=\"wp-block-spacer\"><\/div>\n\n\n\n<h6 class=\"wp-block-heading has-xl-font-size\"><strong>VALORS \u00c8TICS CONSOLIDATS EN EL TEMPS, INNOVACI\u00d3, <\/strong><\/h6>\n\n\n\n<h6 class=\"wp-block-heading has-xl-font-size\"><strong>OPORTUNITATS DE CREIXEMENT, ENTORN DIN\u00c0MIC<\/strong><\/h6>\n\n\n\n<h6 class=\"wp-block-heading has-xl-font-size\"><strong>I EQUIP MOTIVAT: <\/strong><\/h6>\n\n\n\n<h6 class=\"wp-block-heading has-xl-font-size\"><strong>SOM UN EXEMPLE \u00daNIC DE TREBALL EN EL SECTOR DE LA CONSTRUCCI\u00d3.<\/strong><\/h6>\n\n\n\n<div style=\"height:30px\" aria-hidden=\"true\" class=\"wp-block-spacer\"><\/div>\n\n\n\n<p class=\"\"><em>Acrobatica\u00ae Iberica<\/em><strong> <\/strong>t\u00e9 grans plans per al futur, vol cr\u00e9ixer m\u00e9s i ho fa enfocant-se en el valor principal d\u2019una empresa reeixida: els recursos humans. \u00c9s per aix\u00f2 que la nostra activitat de cerca i selecci\u00f3 de personal es realitza els <em>365<\/em> dies de l\u2019any.<\/p>\n\n\n\n<p class=\"\"><\/p>\n\n\n\n<div style=\"height:50px\" aria-hidden=\"true\" class=\"wp-block-spacer\"><\/div>\n\n\n\n<h6 class=\"wp-block-heading has-xl-font-size\"><strong>TENIM UN PLA D\u2019EXPANSI\u00d3 QUE PREVEU <\/strong><\/h6>\n\n\n\n<h6 class=\"wp-block-heading has-xl-font-size\"><strong>UNA \u00c0MPLIA COBERTURA DE TOT EL TERRITORI NACIONAL<\/strong><\/h6>\n\n\n\n<h6 class=\"wp-block-heading has-xl-font-size\"><strong>EN ELS PR\u00d2XIMS 3 ANYS.<\/strong><\/h6>\n\n\n\n<div style=\"height:50px\" aria-hidden=\"true\" class=\"wp-block-spacer\"><\/div>\n\n\n\n<p class=\"\">Qualsevol que busqui treball en el sector de la construcci\u00f3, amb nosaltres trobar\u00e0 moltes oportunitats: representant, especialista, t\u00e8cnics comercials i paletes per a obtenir la titulaci\u00f3 de <strong>treballs verticals amb corda.<\/strong> Aquestes s\u00f3n les figures m\u00e9s buscades, per a cadascuna d\u2019aquestes garantim plans de creixement i cursos de formaci\u00f3 personalitzats, perqu\u00e8 \u00e9s l\u2019\u00e8xit dels nostres recursos que ens garanteix el futur del nostre negoci.<\/p>\n\n\n\n<div style=\"height:30px\" aria-hidden=\"true\" class=\"wp-block-spacer\"><\/div>\n\n\n\n<div class=\"wp-block-buttons is-layout-flex\">\n<div class=\"wp-block-button\"><a class=\"wp-block-button__link has-primary-color has-secondary-background-color has-text-color has-background wp-element-button\" href=\"https:\/\/acrobatica.es\/ca\/envia-el-teu-cv\/\">PINCHA AQU\u00cd<\/a><\/div>\n<\/div>\n","protected":false},"excerpt":{"rendered":"<p>LES EMPRESES ESTAN FORMADES PER PERSONES I \u00c9S NOM\u00c9S GR\u00c0CIES A LA SEVA SATISFACCI\u00d3 PERSONAL QUE L\u2019EMPRESA POT GUANYAR. A&#8230;<\/p>\n","protected":false},"author":4,"featured_media":348248,"parent":0,"menu_order":0,"comment_status":"closed","ping_status":"closed","template":"","meta":[],"yoast_description":"Valors \u00e8tics consolidats en el temps, innovaci\u00f3, oportunitats de creixement, entorn din\u00e0mic i equip motivat.","yoast_title":"Qu\u00e8 t'oferim - Acrobatica","acf":[],"yoast_head":"<!-- This site is optimized with the Yoast SEO plugin v20.3 - https:\/\/yoast.com\/wordpress\/plugins\/seo\/ -->\n<title>Qu\u00e8 t&#039;oferim - Acrobatica<\/title>\n<meta name=\"description\" content=\"Valors \u00e8tics consolidats en el temps, innovaci\u00f3, oportunitats de creixement, entorn din\u00e0mic i equip motivat.\" \/>\n<meta name=\"robots\" content=\"noindex, follow\" \/>\n<meta property=\"og:locale\" content=\"ca_ES\" \/>\n<meta property=\"og:type\" content=\"article\" \/>\n<meta property=\"og:title\" content=\"Qu\u00e8 t&#039;oferim - Acrobatica\" \/>\n<meta property=\"og:description\" content=\"Valors \u00e8tics consolidats en el temps, innovaci\u00f3, oportunitats de creixement, entorn din\u00e0mic i equip motivat.\" \/>\n<meta property=\"og:url\" content=\"https:\/\/acrobatica.es\/ca\/que-toferim\/\" \/>\n<meta property=\"og:site_name\" content=\"Acrobatica\" \/>\n<meta property=\"article:modified_time\" content=\"2024-09-06T10:21:18+00:00\" \/>\n<meta name=\"twitter:card\" content=\"summary_large_image\" \/>\n<meta name=\"twitter:image\" content=\"https:\/\/acrobatica.es\/app\/uploads\/2021\/06\/franchising-cosa-ti-offriamo-1440x420-2.svg\" \/>\n<meta name=\"twitter:label1\" content=\"Est. reading time\" \/>\n\t<meta name=\"twitter:data1\" content=\"2 minutes\" \/>\n<script type=\"application\/ld+json\" class=\"yoast-schema-graph\">{\"@context\":\"https:\/\/schema.org\",\"@graph\":[{\"@type\":\"WebPage\",\"@id\":\"https:\/\/acrobatica.es\/ca\/que-toferim\/\",\"url\":\"https:\/\/acrobatica.es\/ca\/que-toferim\/\",\"name\":\"Qu\u00e8 t'oferim - Acrobatica\",\"isPartOf\":{\"@id\":\"https:\/\/acrobatica.es\/#website\"},\"datePublished\":\"2022-11-10T15:42:08+00:00\",\"dateModified\":\"2024-09-06T10:21:18+00:00\",\"description\":\"Valors \u00e8tics consolidats en el temps, innovaci\u00f3, oportunitats de creixement, entorn din\u00e0mic i equip motivat.\",\"breadcrumb\":{\"@id\":\"https:\/\/acrobatica.es\/ca\/que-toferim\/#breadcrumb\"},\"inLanguage\":\"ca\",\"potentialAction\":[{\"@type\":\"ReadAction\",\"target\":[\"https:\/\/acrobatica.es\/ca\/que-toferim\/\"]}]},{\"@type\":\"BreadcrumbList\",\"@id\":\"https:\/\/acrobatica.es\/ca\/que-toferim\/#breadcrumb\",\"itemListElement\":[{\"@type\":\"ListItem\",\"position\":1,\"name\":\"Home\",\"item\":\"https:\/\/acrobatica.es\/ca\/\"},{\"@type\":\"ListItem\",\"position\":2,\"name\":\"Qu\u00e8 t\u2019oferim\"}]},{\"@type\":\"WebSite\",\"@id\":\"https:\/\/acrobatica.es\/#website\",\"url\":\"https:\/\/acrobatica.es\/\",\"name\":\"Acrobatica\",\"description\":\"Ristrutturazioni edili senza ponteggi\",\"publisher\":{\"@id\":\"https:\/\/acrobatica.es\/#organization\"},\"potentialAction\":[{\"@type\":\"SearchAction\",\"target\":{\"@type\":\"EntryPoint\",\"urlTemplate\":\"https:\/\/acrobatica.es\/?s={search_term_string}\"},\"query-input\":\"required name=search_term_string\"}],\"inLanguage\":\"ca\"},{\"@type\":\"Organization\",\"@id\":\"https:\/\/acrobatica.es\/#organization\",\"name\":\"Acrobatica\u00ae\",\"url\":\"https:\/\/acrobatica.es\/\",\"logo\":{\"@type\":\"ImageObject\",\"inLanguage\":\"ca\",\"@id\":\"https:\/\/acrobatica.es\/#\/schema\/logo\/image\/\",\"url\":\"https:\/\/ediliziacrobatica.com\/web\/app\/uploads\/2021\/06\/logo-ediliziacrobatica.png\",\"contentUrl\":\"https:\/\/ediliziacrobatica.com\/web\/app\/uploads\/2021\/06\/logo-ediliziacrobatica.png\",\"width\":484,\"height\":104,\"caption\":\"Acrobatica\u00ae\"},\"image\":{\"@id\":\"https:\/\/acrobatica.es\/#\/schema\/logo\/image\/\"}}]}<\/script>\n<!-- \/ Yoast SEO plugin. -->","yoast_head_json":{"title":"Qu\u00e8 t'oferim - Acrobatica","description":"Valors \u00e8tics consolidats en el temps, innovaci\u00f3, oportunitats de creixement, entorn din\u00e0mic i equip motivat.","robots":{"index":"noindex","follow":"follow"},"og_locale":"ca_ES","og_type":"article","og_title":"Qu\u00e8 t'oferim - Acrobatica","og_description":"Valors \u00e8tics consolidats en el temps, innovaci\u00f3, oportunitats de creixement, entorn din\u00e0mic i equip motivat.","og_url":"https:\/\/acrobatica.es\/ca\/que-toferim\/","og_site_name":"Acrobatica","article_modified_time":"2024-09-06T10:21:18+00:00","twitter_card":"summary_large_image","twitter_image":"https:\/\/acrobatica.es\/app\/uploads\/2021\/06\/franchising-cosa-ti-offriamo-1440x420-2.svg","twitter_misc":{"Est. reading time":"2 minutes"},"schema":{"@context":"https:\/\/schema.org","@graph":[{"@type":"WebPage","@id":"https:\/\/acrobatica.es\/ca\/que-toferim\/","url":"https:\/\/acrobatica.es\/ca\/que-toferim\/","name":"Qu\u00e8 t'oferim - Acrobatica","isPartOf":{"@id":"https:\/\/acrobatica.es\/#website"},"datePublished":"2022-11-10T15:42:08+00:00","dateModified":"2024-09-06T10:21:18+00:00","description":"Valors \u00e8tics consolidats en el temps, innovaci\u00f3, oportunitats de creixement, entorn din\u00e0mic i equip motivat.","breadcrumb":{"@id":"https:\/\/acrobatica.es\/ca\/que-toferim\/#breadcrumb"},"inLanguage":"ca","potentialAction":[{"@type":"ReadAction","target":["https:\/\/acrobatica.es\/ca\/que-toferim\/"]}]},{"@type":"BreadcrumbList","@id":"https:\/\/acrobatica.es\/ca\/que-toferim\/#breadcrumb","itemListElement":[{"@type":"ListItem","position":1,"name":"Home","item":"https:\/\/acrobatica.es\/ca\/"},{"@type":"ListItem","position":2,"name":"Qu\u00e8 t\u2019oferim"}]},{"@type":"WebSite","@id":"https:\/\/acrobatica.es\/#website","url":"https:\/\/acrobatica.es\/","name":"Acrobatica","description":"Ristrutturazioni edili senza ponteggi","publisher":{"@id":"https:\/\/acrobatica.es\/#organization"},"potentialAction":[{"@type":"SearchAction","target":{"@type":"EntryPoint","urlTemplate":"https:\/\/acrobatica.es\/?s={search_term_string}"},"query-input":"required name=search_term_string"}],"inLanguage":"ca"},{"@type":"Organization","@id":"https:\/\/acrobatica.es\/#organization","name":"Acrobatica\u00ae","url":"https:\/\/acrobatica.es\/","logo":{"@type":"ImageObject","inLanguage":"ca","@id":"https:\/\/acrobatica.es\/#\/schema\/logo\/image\/","url":"https:\/\/ediliziacrobatica.com\/web\/app\/uploads\/2021\/06\/logo-ediliziacrobatica.png","contentUrl":"https:\/\/ediliziacrobatica.com\/web\/app\/uploads\/2021\/06\/logo-ediliziacrobatica.png","width":484,"height":104,"caption":"Acrobatica\u00ae"},"image":{"@id":"https:\/\/acrobatica.es\/#\/schema\/logo\/image\/"}}]}},"_links":{"self":[{"href":"https:\/\/acrobatica.es\/ca\/wp-json\/wp\/v2\/pages\/350766"}],"collection":[{"href":"https:\/\/acrobatica.es\/ca\/wp-json\/wp\/v2\/pages"}],"about":[{"href":"https:\/\/acrobatica.es\/ca\/wp-json\/wp\/v2\/types\/page"}],"author":[{"embeddable":true,"href":"https:\/\/acrobatica.es\/ca\/wp-json\/wp\/v2\/users\/4"}],"replies":[{"embeddable":true,"href":"https:\/\/acrobatica.es\/ca\/wp-json\/wp\/v2\/comments?post=350766"}],"version-history":[{"count":9,"href":"https:\/\/acrobatica.es\/ca\/wp-json\/wp\/v2\/pages\/350766\/revisions"}],"predecessor-version":[{"id":352211,"href":"https:\/\/acrobatica.es\/ca\/wp-json\/wp\/v2\/pages\/350766\/revisions\/352211"}],"wp:featuredmedia":[{"embeddable":true,"href":"https:\/\/acrobatica.es\/ca\/wp-json\/wp\/v2\/media\/348248"}],"wp:attachment":[{"href":"https:\/\/acrobatica.es\/ca\/wp-json\/wp\/v2\/media?parent=350766"}],"curies":[{"name":"wp","href":"https:\/\/api.w.org\/{rel}","templated":true}]}}