{"id":350770,"date":"2022-11-11T11:51:39","date_gmt":"2022-11-11T10:51:39","guid":{"rendered":"https:\/\/acrobatica.es\/qui-som\/"},"modified":"2024-09-06T11:58:31","modified_gmt":"2024-09-06T09:58:31","slug":"qui-som","status":"publish","type":"page","link":"https:\/\/acrobatica.es\/ca\/qui-som\/","title":{"rendered":"Qui Som"},"content":{"rendered":"\n<h2 class=\"wp-block-heading has-3-xl-font-size\"><strong>Acrobatica\u00ae \u00e9s l\u2019empresa l\u00edder a Europa en el sector de la construcci\u00f3 operativa amb corda de seguretat doble.<\/strong><\/h2>\n\n\n\n<div style=\"height:40px\" aria-hidden=\"true\" class=\"wp-block-spacer\"><\/div>\n\n\n\n<p class=\"\">Gr\u00e0cies a la seva <strong>t\u00e8cnica innovadora<\/strong>, que t\u00e9 l\u2019origen en les t\u00e8cniques d\u2019escalada, \u00e9s capa\u00e7 de fer <strong>restauraci\u00f3, mesures de seguretat, encaladura<\/strong> i molt m\u00e9s de forma r\u00e0pida i amb un m\u00e8tode absolutament sostenible.<\/p>\n\n\n\n<p class=\"\">Fins al dia d\u2019avui estem presents en m\u00e9s de <strong>130 \u00e0rees operatives<\/strong> a Europa, Uni\u00f3 dels Emirats \u00c0rabs, Ar\u00e0bia Saudita i Nepal, cosa que ens permet estar operatius, siguis on siguis, en molt poc temps.<\/p>\n\n\n\n<p class=\"\">Triar els serveis de <strong>Acrobatica\u00ae<\/strong> significa assegurar a la teva llar la m\u00e0xima <strong>excel\u00b7l\u00e8ncia<\/strong>, <strong>seguretat<\/strong> i <strong>rapidesa<\/strong> en la realitzaci\u00f3: <strong>no utilitzem bastides<\/strong> per tant no necessitem ni tan sols dedicar dies de treball al muntatge.<\/p>\n\n\n\n<p class=\"\">A m\u00e9s, sense bastides <strong>et protegim de possibles incursions<\/strong> des de l\u2019exterior i, durant els dies de construcci\u00f3, pots continuar obrint les finestres, accedir al balc\u00f3 i viure el teu dia a dia amb tota tranquil\u00b7litat.<\/p>\n\n\n\n<p class=\"\"><strong>Acrobatica\u00ae \u00e9s la revoluci\u00f3 de la construcci\u00f3,<\/strong> la revoluci\u00f3 que respecta el medi ambient i les persones. Perqu\u00e8 es necessita un futur millor per al nostre planeta i treballem cada dia per fer-ho possible.<\/p>\n\n\n\n<div style=\"height:20px\" aria-hidden=\"true\" class=\"wp-block-spacer\"><\/div>\n\n\n\n<div class=\"wp-block-columns muy-tablet-two-columns muy-not-reverted is-layout-flex wp-container-3\">\n<div class=\"wp-block-column is-layout-flow\">\n<figure class=\"wp-block-image\"><img alt=\"\"\/><\/figure>\n<\/div>\n\n\n\n<div class=\"wp-block-column is-layout-flow\">\n<figure class=\"wp-block-image\"><img alt=\"\"\/><\/figure>\n<\/div>\n<\/div>\n","protected":false},"excerpt":{"rendered":"<p>Acrobatica\u00ae \u00e9s l\u2019empresa l\u00edder a Europa en el sector de la construcci\u00f3 operativa amb corda de seguretat doble. Gr\u00e0cies a&#8230;<\/p>\n","protected":false},"author":4,"featured_media":345533,"parent":0,"menu_order":0,"comment_status":"closed","ping_status":"closed","template":"","meta":[],"yoast_description":"Vam ser els primers a utilitzar la t\u00e8cnica de doble corda de seguretat en la construcci\u00f3: descobreix la nostra hist\u00f2ria i els nostres objectius.","yoast_title":"Qui som - Acrobatica","acf":[],"yoast_head":"<!-- This site is optimized with the Yoast SEO plugin v20.3 - https:\/\/yoast.com\/wordpress\/plugins\/seo\/ -->\n<title>Qui som - Acrobatica<\/title>\n<meta name=\"description\" content=\"Vam ser els primers a utilitzar la t\u00e8cnica de doble corda de seguretat en la construcci\u00f3: descobreix la nostra hist\u00f2ria i els nostres objectius.\" \/>\n<meta name=\"robots\" content=\"index, follow, max-snippet:-1, max-image-preview:large, max-video-preview:-1\" \/>\n<link rel=\"canonical\" href=\"https:\/\/acrobatica.es\/ca\/qui-som\/\" \/>\n<meta property=\"og:locale\" content=\"ca_ES\" \/>\n<meta property=\"og:type\" content=\"article\" \/>\n<meta property=\"og:title\" content=\"Qui som - Acrobatica\" \/>\n<meta property=\"og:description\" content=\"Vam ser els primers a utilitzar la t\u00e8cnica de doble corda de seguretat en la construcci\u00f3: descobreix la nostra hist\u00f2ria i els nostres objectius.\" \/>\n<meta property=\"og:url\" content=\"https:\/\/acrobatica.es\/ca\/qui-som\/\" \/>\n<meta property=\"og:site_name\" content=\"Acrobatica\" \/>\n<meta property=\"article:modified_time\" content=\"2024-09-06T09:58:31+00:00\" \/>\n<meta property=\"og:image\" content=\"https:\/\/acrobatica.es\/app\/uploads\/2021\/05\/chisiamo_desktop_00-scaled.jpg\" \/>\n\t<meta property=\"og:image:width\" content=\"2560\" \/>\n\t<meta property=\"og:image:height\" content=\"747\" \/>\n\t<meta property=\"og:image:type\" content=\"image\/jpeg\" \/>\n<meta name=\"twitter:card\" content=\"summary_large_image\" \/>\n<meta name=\"twitter:label1\" content=\"Est. reading time\" \/>\n\t<meta name=\"twitter:data1\" content=\"2 minutes\" \/>\n<script type=\"application\/ld+json\" class=\"yoast-schema-graph\">{\"@context\":\"https:\/\/schema.org\",\"@graph\":[{\"@type\":\"WebPage\",\"@id\":\"https:\/\/acrobatica.es\/ca\/qui-som\/\",\"url\":\"https:\/\/acrobatica.es\/ca\/qui-som\/\",\"name\":\"Qui som - Acrobatica\",\"isPartOf\":{\"@id\":\"https:\/\/acrobatica.es\/#website\"},\"datePublished\":\"2022-11-11T10:51:39+00:00\",\"dateModified\":\"2024-09-06T09:58:31+00:00\",\"description\":\"Vam ser els primers a utilitzar la t\u00e8cnica de doble corda de seguretat en la construcci\u00f3: descobreix la nostra hist\u00f2ria i els nostres objectius.\",\"breadcrumb\":{\"@id\":\"https:\/\/acrobatica.es\/ca\/qui-som\/#breadcrumb\"},\"inLanguage\":\"ca\",\"potentialAction\":[{\"@type\":\"ReadAction\",\"target\":[\"https:\/\/acrobatica.es\/ca\/qui-som\/\"]}]},{\"@type\":\"BreadcrumbList\",\"@id\":\"https:\/\/acrobatica.es\/ca\/qui-som\/#breadcrumb\",\"itemListElement\":[{\"@type\":\"ListItem\",\"position\":1,\"name\":\"Home\",\"item\":\"https:\/\/acrobatica.es\/ca\/\"},{\"@type\":\"ListItem\",\"position\":2,\"name\":\"Qui Som\"}]},{\"@type\":\"WebSite\",\"@id\":\"https:\/\/acrobatica.es\/#website\",\"url\":\"https:\/\/acrobatica.es\/\",\"name\":\"Acrobatica\",\"description\":\"Ristrutturazioni edili senza ponteggi\",\"publisher\":{\"@id\":\"https:\/\/acrobatica.es\/#organization\"},\"potentialAction\":[{\"@type\":\"SearchAction\",\"target\":{\"@type\":\"EntryPoint\",\"urlTemplate\":\"https:\/\/acrobatica.es\/?s={search_term_string}\"},\"query-input\":\"required name=search_term_string\"}],\"inLanguage\":\"ca\"},{\"@type\":\"Organization\",\"@id\":\"https:\/\/acrobatica.es\/#organization\",\"name\":\"Acrobatica\u00ae\",\"url\":\"https:\/\/acrobatica.es\/\",\"logo\":{\"@type\":\"ImageObject\",\"inLanguage\":\"ca\",\"@id\":\"https:\/\/acrobatica.es\/#\/schema\/logo\/image\/\",\"url\":\"https:\/\/ediliziacrobatica.com\/web\/app\/uploads\/2021\/06\/logo-ediliziacrobatica.png\",\"contentUrl\":\"https:\/\/ediliziacrobatica.com\/web\/app\/uploads\/2021\/06\/logo-ediliziacrobatica.png\",\"width\":484,\"height\":104,\"caption\":\"Acrobatica\u00ae\"},\"image\":{\"@id\":\"https:\/\/acrobatica.es\/#\/schema\/logo\/image\/\"}}]}<\/script>\n<!-- \/ Yoast SEO plugin. -->","yoast_head_json":{"title":"Qui som - Acrobatica","description":"Vam ser els primers a utilitzar la t\u00e8cnica de doble corda de seguretat en la construcci\u00f3: descobreix la nostra hist\u00f2ria i els nostres objectius.","robots":{"index":"index","follow":"follow","max-snippet":"max-snippet:-1","max-image-preview":"max-image-preview:large","max-video-preview":"max-video-preview:-1"},"canonical":"https:\/\/acrobatica.es\/ca\/qui-som\/","og_locale":"ca_ES","og_type":"article","og_title":"Qui som - Acrobatica","og_description":"Vam ser els primers a utilitzar la t\u00e8cnica de doble corda de seguretat en la construcci\u00f3: descobreix la nostra hist\u00f2ria i els nostres objectius.","og_url":"https:\/\/acrobatica.es\/ca\/qui-som\/","og_site_name":"Acrobatica","article_modified_time":"2024-09-06T09:58:31+00:00","og_image":[{"width":2560,"height":747,"url":"https:\/\/acrobatica.es\/app\/uploads\/2021\/05\/chisiamo_desktop_00-scaled.jpg","type":"image\/jpeg"}],"twitter_card":"summary_large_image","twitter_misc":{"Est. reading time":"2 minutes"},"schema":{"@context":"https:\/\/schema.org","@graph":[{"@type":"WebPage","@id":"https:\/\/acrobatica.es\/ca\/qui-som\/","url":"https:\/\/acrobatica.es\/ca\/qui-som\/","name":"Qui som - Acrobatica","isPartOf":{"@id":"https:\/\/acrobatica.es\/#website"},"datePublished":"2022-11-11T10:51:39+00:00","dateModified":"2024-09-06T09:58:31+00:00","description":"Vam ser els primers a utilitzar la t\u00e8cnica de doble corda de seguretat en la construcci\u00f3: descobreix la nostra hist\u00f2ria i els nostres objectius.","breadcrumb":{"@id":"https:\/\/acrobatica.es\/ca\/qui-som\/#breadcrumb"},"inLanguage":"ca","potentialAction":[{"@type":"ReadAction","target":["https:\/\/acrobatica.es\/ca\/qui-som\/"]}]},{"@type":"BreadcrumbList","@id":"https:\/\/acrobatica.es\/ca\/qui-som\/#breadcrumb","itemListElement":[{"@type":"ListItem","position":1,"name":"Home","item":"https:\/\/acrobatica.es\/ca\/"},{"@type":"ListItem","position":2,"name":"Qui Som"}]},{"@type":"WebSite","@id":"https:\/\/acrobatica.es\/#website","url":"https:\/\/acrobatica.es\/","name":"Acrobatica","description":"Ristrutturazioni edili senza ponteggi","publisher":{"@id":"https:\/\/acrobatica.es\/#organization"},"potentialAction":[{"@type":"SearchAction","target":{"@type":"EntryPoint","urlTemplate":"https:\/\/acrobatica.es\/?s={search_term_string}"},"query-input":"required name=search_term_string"}],"inLanguage":"ca"},{"@type":"Organization","@id":"https:\/\/acrobatica.es\/#organization","name":"Acrobatica\u00ae","url":"https:\/\/acrobatica.es\/","logo":{"@type":"ImageObject","inLanguage":"ca","@id":"https:\/\/acrobatica.es\/#\/schema\/logo\/image\/","url":"https:\/\/ediliziacrobatica.com\/web\/app\/uploads\/2021\/06\/logo-ediliziacrobatica.png","contentUrl":"https:\/\/ediliziacrobatica.com\/web\/app\/uploads\/2021\/06\/logo-ediliziacrobatica.png","width":484,"height":104,"caption":"Acrobatica\u00ae"},"image":{"@id":"https:\/\/acrobatica.es\/#\/schema\/logo\/image\/"}}]}},"_links":{"self":[{"href":"https:\/\/acrobatica.es\/ca\/wp-json\/wp\/v2\/pages\/350770"}],"collection":[{"href":"https:\/\/acrobatica.es\/ca\/wp-json\/wp\/v2\/pages"}],"about":[{"href":"https:\/\/acrobatica.es\/ca\/wp-json\/wp\/v2\/types\/page"}],"author":[{"embeddable":true,"href":"https:\/\/acrobatica.es\/ca\/wp-json\/wp\/v2\/users\/4"}],"replies":[{"embeddable":true,"href":"https:\/\/acrobatica.es\/ca\/wp-json\/wp\/v2\/comments?post=350770"}],"version-history":[{"count":8,"href":"https:\/\/acrobatica.es\/ca\/wp-json\/wp\/v2\/pages\/350770\/revisions"}],"predecessor-version":[{"id":352227,"href":"https:\/\/acrobatica.es\/ca\/wp-json\/wp\/v2\/pages\/350770\/revisions\/352227"}],"wp:featuredmedia":[{"embeddable":true,"href":"https:\/\/acrobatica.es\/ca\/wp-json\/wp\/v2\/media\/345533"}],"wp:attachment":[{"href":"https:\/\/acrobatica.es\/ca\/wp-json\/wp\/v2\/media?parent=350770"}],"curies":[{"name":"wp","href":"https:\/\/api.w.org\/{rel}","templated":true}]}}