{"id":350774,"date":"2022-11-11T12:12:47","date_gmt":"2022-11-11T11:12:47","guid":{"rendered":"https:\/\/acrobatica.es\/la-nostra-historia\/"},"modified":"2024-09-06T12:33:35","modified_gmt":"2024-09-06T10:33:35","slug":"la-nostra-historia","status":"publish","type":"page","link":"https:\/\/acrobatica.es\/ca\/la-nostra-historia\/","title":{"rendered":"La nostra hist\u00f2ria"},"content":{"rendered":"\n<h2 class=\"wp-block-heading has-3-xl-font-size\"><strong>Acrobatica\u00ae \u00e9s el somni d\u2019un home que ha esdevingut la realitat empresarial de milers de persones.<\/strong><\/h2>\n\n\n\n<div style=\"height:40px\" aria-hidden=\"true\" class=\"wp-block-spacer\"><\/div>\n\n\n\n<p class=\"\">Com totes les hist\u00f2ries d\u2019\u00e8xit, la de <strong>Acrobatica\u00ae<\/strong> parteix d\u2019un garatge.<\/p>\n\n\n\n<p class=\"\">Riccardo \u00ab<em>va obrir\u00bb<\/em> la seva empresa i des d\u2019all\u00e0 sortia armat amb les seves cordes i el seu equip per baixar les teulades de G\u00e8nova. L\u2019\u00e8xit de la seva idea de <strong>no utilitzar bastides,<\/strong>,<strong> accelerar i abaratir els treballs de renovaci\u00f3 i manteniment dels edificis<\/strong> va comen\u00e7ar a viatjar de boca a boca pels carrers de la ciutat i aviat Riccardo va haver de buscar al seu voltant els seus primers treballadors per ensenyar-los la t\u00e8cnica que havia desenvolupat. Van ser anys de molta feina per al primer equip de treball mitjan\u00e7ant cordes, dies d\u2019euf\u00f2ria i entusiasme, dedicaci\u00f3 i passi\u00f3 absoluta.<\/p>\n\n\n\n<p class=\"\">Un somni on creure, que s\u2019estava convertint en una <strong>idea revolucion\u00e0ria<\/strong> que no nom\u00e9s estava modificant la manera de construir edificis. La t\u00e8cnica que Riccardo havia desenvolupat oferia <strong>m\u00e9s protecci\u00f3 dels treballadors i als ve\u00efns<\/strong> dels edificis que ja no havien de t\u00e9mer que entressin lladres i delinq\u00fcents des de l\u2019exterior.<\/p>\n\n\n\n<p class=\"\">A m\u00e9s, va permetre la creaci\u00f3 d\u2019una gran quantitat de llocs de treball durant els anys de la crisi mundial provocada per l\u2019esclat de la bombolla de les hipoteques d\u2019alt risc que, comen\u00e7ant als Estats Units, havia arrossegat les economies de tot Occident.<\/p>\n\n\n\n<p class=\"\">La voluntat de cr\u00e9ixer i la confian\u00e7a absoluta de Riccardo Iovino en la <strong>t\u00e8cnica de treball mitjan\u00e7ant cordes<\/strong> va ser determinant i, gr\u00e0cies a l\u2019entrada a la societat d\u2019Anna Marras, experta en selecci\u00f3 i formaci\u00f3 de recursos humans, comen\u00e7a un nou cap\u00edtol a la incre\u00efble hist\u00f2ria de l\u2019empresa; a partir d\u2019aquell moment, comen\u00e7a el creixement imparable. Despr\u00e9s d\u2019abandonar el garatge on va n\u00e9ixer, <strong>Acrobatica\u00ae<\/strong> va obrir la seva primera oficina a G\u00e8nova, a la Via delle Brigate Partigiane, on encara t\u00e9 la seu i, de forma progressiva, va iniciar un ampli proc\u00e9s <strong>d\u2019expansi\u00f3<\/strong> per tot It\u00e0lia a les principals ciutats: des de Flor\u00e8ncia a Roma, passant per Tor\u00ed i Palerm. El model de negoci desenvolupat per Riccardo i la capacitat d\u2019identificar les persones adequades per contractar, els cursos de formaci\u00f3 i estudi que imparteixen mensualment a la recent estrenada <strong>EDAC-OSM Partners,<\/strong>una acad\u00e8mia interna fundada per Anna, va fer que el somni d\u2019un emprenedor es convert\u00eds en una oportunitat per a molts altres. Aix\u00ed, el 2015, amb la participaci\u00f3 al Sal\u00f3 de les franqu\u00edcies de Mil\u00e0, comen\u00e7a la segona fase de l\u2019expansi\u00f3 d\u2019Acrobatica\u00ae. Aquesta <strong>expansi\u00f3<\/strong> avui es tradueix en <strong>35 franquiciats<\/strong> repartits per tota It\u00e0lia que, sumats a les <strong>50 seus<\/strong> pr\u00f2pies del grup, representen m\u00e9s de <strong>90 \u00e0rees operatives<\/strong> que donen feina a m\u00e9s de mil persones.<\/p>\n\n\n\n<p class=\"\">L\u2019explosi\u00f3 d\u2019Acrobatica\u00ae, de la qual ara tamb\u00e9 se\u2019n fan ress\u00f2 els principals mitjans, continua amb la cotitzaci\u00f3 a la secci\u00f3 <strong>AIM de la Borsa italiana<\/strong> amb data de novembre de 2018 i replicada al febrer de 2019 amb l\u2019entrada a <strong>Euronext Growth<\/strong>, el mercat de capitals europeu que cotitza a Par\u00eds. Van ser dues operacions que, una vegada m\u00e9s, confirmen la vocaci\u00f3 revolucion\u00e0ria del Grup que, sent \u00fanic al sector, ha donat lloc a una doble cotitzaci\u00f3.<\/p>\n\n\n\n<p class=\"\">La hist\u00f2ria recent de <strong>EdiliziAcrobatica S.p.A.<\/strong> \u00e9s una hist\u00f2ria d\u2019expansi\u00f3 cap a noves fronteres, <strong>metes ambicioses<\/strong> aconseguides i per assolir. <em>\u00abSi ha estat una <strong>revoluci\u00f3<\/strong> en un pa\u00eds, ho ha de ser tamb\u00e9 en altres\u00bb,<\/em>pensen Anna i Riccardo, que des del 2019 han desenvolupat i han llan\u00e7at un projecte d\u2019internacionalitzaci\u00f3 que va portar la marca a l\u2019adquisici\u00f3 d\u2019una empresa a Perpiny\u00e0 especialitzada mateix sector ia salvaguardar desenes de llocs de treball. A partir d\u2019aquell moment, va comen\u00e7ar la conquesta del mercat franc\u00e8s d\u2019Acrobatica\u00ae, que avui dia compta amb <strong>8 \u00e0rees operatives<\/strong> al centre del pa\u00eds.<\/p>\n\n\n\n<p class=\"\">Ni tan sols la pand\u00e8mia de la <em>COVID-19<\/em>i la posterior prohibici\u00f3 de les obres pel Govern itali\u00e0 a la primavera del 2020, ha parat a l\u2019empresa, ja que, fidel al principi de transformar cada crisi en una nova <strong>oportunitat de creixement,<\/strong>, va inaugurar en temps r\u00e8cord una nova l\u00ednia de <strong>negoci multiservei<\/strong> dedicada a la neteja, la higienitzaci\u00f3 i la desinfecci\u00f3. I aix\u00f2 no \u00e9s tot: la immobilitzaci\u00f3 pel coronavirus va ser l\u2019est\u00edmul per a la creaci\u00f3 de la primera aplicaci\u00f3 europea dissenyada per permetre que els administradors de la propietat mantinguessin reunions de manera remota amb els seus administrats amb total seguretat.<\/p>\n\n\n\n<p class=\"\"><em>\u00abEl que \u00e9s impossible no existeix<\/em> \u2014diu avui dia Riccardo Iovino\u2014 <em>quan hi ha una determinaci\u00f3 indestructible. Quan vaig dir als meus amics que volia revolucionar el m\u00f3n de la construcci\u00f3, eliminant les bastides a favor de la corda de seguretat doble, em van dir que estava boig, que mai no ho aconseguiria. Per\u00f2 jo ho sabia, ho sentia, estava segur que la meva idea era bona, aix\u00ed que vaig saber que tot dependria de mi, de la meva voluntat i la meva fe en aquesta idea. Gaireb\u00e9 trenta anys m\u00e9s tard, \u00e9s clar qui tenia ra\u00f3 i qui no: <strong>Acrobatica\u00ae ha revolucionat la manera de construir a It\u00e0lia i s\u2019est\u00e0 preparant per revolucionar el m\u00f3n sencer.<\/strong> Perqu\u00e8 els l\u00edmits no s\u00f3n les fronteres entre pa\u00efsos, sin\u00f3 les fronteres que la nostra ment decideix no creuar.\u00bb<\/em><\/p>\n\n\n\n<div style=\"height:40px\" aria-hidden=\"true\" class=\"wp-block-spacer\"><\/div>\n","protected":false},"excerpt":{"rendered":"<p>Acrobatica\u00ae \u00e9s el somni d\u2019un home que ha esdevingut la realitat empresarial de milers de persones. Com totes les hist\u00f2ries&#8230;<\/p>\n","protected":false},"author":4,"featured_media":348283,"parent":0,"menu_order":0,"comment_status":"closed","ping_status":"closed","template":"","meta":[],"yoast_description":"Acrobatica \u00e9s el somni d'un home que s'ha convertit en la realitat empresarial de milers de persones. Com totes les hist\u00f2ries, la d'Acrobatica comen\u00e7a en un garatge.","yoast_title":"La nostra hist\u00f2ria - Acrobatica","acf":[],"yoast_head":"<!-- This site is optimized with the Yoast SEO plugin v20.3 - https:\/\/yoast.com\/wordpress\/plugins\/seo\/ -->\n<title>La nostra hist\u00f2ria - Acrobatica<\/title>\n<meta name=\"description\" content=\"Acrobatica \u00e9s el somni d&#039;un home que s&#039;ha convertit en la realitat empresarial de milers de persones. Com totes les hist\u00f2ries, la d&#039;Acrobatica comen\u00e7a en un garatge.\" \/>\n<meta name=\"robots\" content=\"noindex, follow\" \/>\n<meta property=\"og:locale\" content=\"ca_ES\" \/>\n<meta property=\"og:type\" content=\"article\" \/>\n<meta property=\"og:title\" content=\"La nostra hist\u00f2ria - Acrobatica\" \/>\n<meta property=\"og:description\" content=\"Acrobatica \u00e9s el somni d&#039;un home que s&#039;ha convertit en la realitat empresarial de milers de persones. Com totes les hist\u00f2ries, la d&#039;Acrobatica comen\u00e7a en un garatge.\" \/>\n<meta property=\"og:url\" content=\"https:\/\/acrobatica.es\/ca\/la-nostra-historia\/\" \/>\n<meta property=\"og:site_name\" content=\"Acrobatica\" \/>\n<meta property=\"article:modified_time\" content=\"2024-09-06T10:33:35+00:00\" \/>\n<meta name=\"twitter:card\" content=\"summary_large_image\" \/>\n<meta name=\"twitter:image\" content=\"https:\/\/acrobatica.es\/app\/uploads\/2021\/06\/la-nostra-storia-1440x420-3.svg\" \/>\n<meta name=\"twitter:label1\" content=\"Est. reading time\" \/>\n\t<meta name=\"twitter:data1\" content=\"4 minutes\" \/>\n<script type=\"application\/ld+json\" class=\"yoast-schema-graph\">{\"@context\":\"https:\/\/schema.org\",\"@graph\":[{\"@type\":\"WebPage\",\"@id\":\"https:\/\/acrobatica.es\/ca\/la-nostra-historia\/\",\"url\":\"https:\/\/acrobatica.es\/ca\/la-nostra-historia\/\",\"name\":\"La nostra hist\u00f2ria - Acrobatica\",\"isPartOf\":{\"@id\":\"https:\/\/acrobatica.es\/#website\"},\"datePublished\":\"2022-11-11T11:12:47+00:00\",\"dateModified\":\"2024-09-06T10:33:35+00:00\",\"description\":\"Acrobatica \u00e9s el somni d'un home que s'ha convertit en la realitat empresarial de milers de persones. Com totes les hist\u00f2ries, la d'Acrobatica comen\u00e7a en un garatge.\",\"breadcrumb\":{\"@id\":\"https:\/\/acrobatica.es\/ca\/la-nostra-historia\/#breadcrumb\"},\"inLanguage\":\"ca\",\"potentialAction\":[{\"@type\":\"ReadAction\",\"target\":[\"https:\/\/acrobatica.es\/ca\/la-nostra-historia\/\"]}]},{\"@type\":\"BreadcrumbList\",\"@id\":\"https:\/\/acrobatica.es\/ca\/la-nostra-historia\/#breadcrumb\",\"itemListElement\":[{\"@type\":\"ListItem\",\"position\":1,\"name\":\"Home\",\"item\":\"https:\/\/acrobatica.es\/ca\/\"},{\"@type\":\"ListItem\",\"position\":2,\"name\":\"La nostra hist\u00f2ria\"}]},{\"@type\":\"WebSite\",\"@id\":\"https:\/\/acrobatica.es\/#website\",\"url\":\"https:\/\/acrobatica.es\/\",\"name\":\"Acrobatica\",\"description\":\"Ristrutturazioni edili senza ponteggi\",\"publisher\":{\"@id\":\"https:\/\/acrobatica.es\/#organization\"},\"potentialAction\":[{\"@type\":\"SearchAction\",\"target\":{\"@type\":\"EntryPoint\",\"urlTemplate\":\"https:\/\/acrobatica.es\/?s={search_term_string}\"},\"query-input\":\"required name=search_term_string\"}],\"inLanguage\":\"ca\"},{\"@type\":\"Organization\",\"@id\":\"https:\/\/acrobatica.es\/#organization\",\"name\":\"Acrobatica\u00ae\",\"url\":\"https:\/\/acrobatica.es\/\",\"logo\":{\"@type\":\"ImageObject\",\"inLanguage\":\"ca\",\"@id\":\"https:\/\/acrobatica.es\/#\/schema\/logo\/image\/\",\"url\":\"https:\/\/ediliziacrobatica.com\/web\/app\/uploads\/2021\/06\/logo-ediliziacrobatica.png\",\"contentUrl\":\"https:\/\/ediliziacrobatica.com\/web\/app\/uploads\/2021\/06\/logo-ediliziacrobatica.png\",\"width\":484,\"height\":104,\"caption\":\"Acrobatica\u00ae\"},\"image\":{\"@id\":\"https:\/\/acrobatica.es\/#\/schema\/logo\/image\/\"}}]}<\/script>\n<!-- \/ Yoast SEO plugin. -->","yoast_head_json":{"title":"La nostra hist\u00f2ria - Acrobatica","description":"Acrobatica \u00e9s el somni d'un home que s'ha convertit en la realitat empresarial de milers de persones. Com totes les hist\u00f2ries, la d'Acrobatica comen\u00e7a en un garatge.","robots":{"index":"noindex","follow":"follow"},"og_locale":"ca_ES","og_type":"article","og_title":"La nostra hist\u00f2ria - Acrobatica","og_description":"Acrobatica \u00e9s el somni d'un home que s'ha convertit en la realitat empresarial de milers de persones. Com totes les hist\u00f2ries, la d'Acrobatica comen\u00e7a en un garatge.","og_url":"https:\/\/acrobatica.es\/ca\/la-nostra-historia\/","og_site_name":"Acrobatica","article_modified_time":"2024-09-06T10:33:35+00:00","twitter_card":"summary_large_image","twitter_image":"https:\/\/acrobatica.es\/app\/uploads\/2021\/06\/la-nostra-storia-1440x420-3.svg","twitter_misc":{"Est. reading time":"4 minutes"},"schema":{"@context":"https:\/\/schema.org","@graph":[{"@type":"WebPage","@id":"https:\/\/acrobatica.es\/ca\/la-nostra-historia\/","url":"https:\/\/acrobatica.es\/ca\/la-nostra-historia\/","name":"La nostra hist\u00f2ria - Acrobatica","isPartOf":{"@id":"https:\/\/acrobatica.es\/#website"},"datePublished":"2022-11-11T11:12:47+00:00","dateModified":"2024-09-06T10:33:35+00:00","description":"Acrobatica \u00e9s el somni d'un home que s'ha convertit en la realitat empresarial de milers de persones. Com totes les hist\u00f2ries, la d'Acrobatica comen\u00e7a en un garatge.","breadcrumb":{"@id":"https:\/\/acrobatica.es\/ca\/la-nostra-historia\/#breadcrumb"},"inLanguage":"ca","potentialAction":[{"@type":"ReadAction","target":["https:\/\/acrobatica.es\/ca\/la-nostra-historia\/"]}]},{"@type":"BreadcrumbList","@id":"https:\/\/acrobatica.es\/ca\/la-nostra-historia\/#breadcrumb","itemListElement":[{"@type":"ListItem","position":1,"name":"Home","item":"https:\/\/acrobatica.es\/ca\/"},{"@type":"ListItem","position":2,"name":"La nostra hist\u00f2ria"}]},{"@type":"WebSite","@id":"https:\/\/acrobatica.es\/#website","url":"https:\/\/acrobatica.es\/","name":"Acrobatica","description":"Ristrutturazioni edili senza ponteggi","publisher":{"@id":"https:\/\/acrobatica.es\/#organization"},"potentialAction":[{"@type":"SearchAction","target":{"@type":"EntryPoint","urlTemplate":"https:\/\/acrobatica.es\/?s={search_term_string}"},"query-input":"required name=search_term_string"}],"inLanguage":"ca"},{"@type":"Organization","@id":"https:\/\/acrobatica.es\/#organization","name":"Acrobatica\u00ae","url":"https:\/\/acrobatica.es\/","logo":{"@type":"ImageObject","inLanguage":"ca","@id":"https:\/\/acrobatica.es\/#\/schema\/logo\/image\/","url":"https:\/\/ediliziacrobatica.com\/web\/app\/uploads\/2021\/06\/logo-ediliziacrobatica.png","contentUrl":"https:\/\/ediliziacrobatica.com\/web\/app\/uploads\/2021\/06\/logo-ediliziacrobatica.png","width":484,"height":104,"caption":"Acrobatica\u00ae"},"image":{"@id":"https:\/\/acrobatica.es\/#\/schema\/logo\/image\/"}}]}},"_links":{"self":[{"href":"https:\/\/acrobatica.es\/ca\/wp-json\/wp\/v2\/pages\/350774"}],"collection":[{"href":"https:\/\/acrobatica.es\/ca\/wp-json\/wp\/v2\/pages"}],"about":[{"href":"https:\/\/acrobatica.es\/ca\/wp-json\/wp\/v2\/types\/page"}],"author":[{"embeddable":true,"href":"https:\/\/acrobatica.es\/ca\/wp-json\/wp\/v2\/users\/4"}],"replies":[{"embeddable":true,"href":"https:\/\/acrobatica.es\/ca\/wp-json\/wp\/v2\/comments?post=350774"}],"version-history":[{"count":6,"href":"https:\/\/acrobatica.es\/ca\/wp-json\/wp\/v2\/pages\/350774\/revisions"}],"predecessor-version":[{"id":352217,"href":"https:\/\/acrobatica.es\/ca\/wp-json\/wp\/v2\/pages\/350774\/revisions\/352217"}],"wp:featuredmedia":[{"embeddable":true,"href":"https:\/\/acrobatica.es\/ca\/wp-json\/wp\/v2\/media\/348283"}],"wp:attachment":[{"href":"https:\/\/acrobatica.es\/ca\/wp-json\/wp\/v2\/media?parent=350774"}],"curies":[{"name":"wp","href":"https:\/\/api.w.org\/{rel}","templated":true}]}}