{"id":350778,"date":"2022-11-11T12:18:58","date_gmt":"2022-11-11T11:18:58","guid":{"rendered":"https:\/\/acrobatica.es\/en-que-creiem\/"},"modified":"2024-09-06T11:14:08","modified_gmt":"2024-09-06T09:14:08","slug":"en-que-creiem","status":"publish","type":"page","link":"https:\/\/acrobatica.es\/ca\/en-que-creiem\/","title":{"rendered":"En qu\u00e8 creiem"},"content":{"rendered":"\n<h2 class=\"wp-block-heading has-4-xl-font-size\">Les persones s\u00f3n importants i nosaltres creiem en el potencial de cadascuna que forma part del nostre Grup.<\/h2>\n\n\n\n<div style=\"height:40px\" aria-hidden=\"true\" class=\"wp-block-spacer\"><\/div>\n\n\n\n<div class=\"wp-block-columns muy-tablet-two-columns muy-not-reverted is-layout-flex wp-container-3\">\n<div class=\"wp-block-column is-vertically-aligned-center is-layout-flow\">\n<p class=\"has-large-font-size\">Aquest principi, al qual sempre ens mantenim <strong>fidels<\/strong>, es tradueix en la filosofia i <strong>\u00e8tica empresarial<\/strong> que ens distingeix dels altres: creiem en la inclusi\u00f3 i en el suport directe per a cadascun dels nostres recursos.<\/p>\n\n\n\n<p class=\"has-large-font-size\">Els n\u00fameros i l\u2019\u00e8xit que hem aconseguit fins avui s\u00f3n llavors el resultat d\u2019una <strong>estrat\u00e8gia human\u00edstica.<\/strong><\/p>\n<\/div>\n\n\n\n<div class=\"wp-block-column is-vertically-aligned-center is-layout-flow\">\n<figure class=\"wp-block-image size-large\"><img decoding=\"async\" loading=\"lazy\" width=\"1024\" height=\"1024\" src=\"https:\/\/acrobatica.es\/app\/uploads\/2021\/06\/03-1024x1024.png\" alt=\"\" class=\"wp-image-32956\" srcset=\"https:\/\/acrobatica.es\/app\/uploads\/2021\/06\/03-1024x1024.png 1024w, https:\/\/acrobatica.es\/app\/uploads\/2021\/06\/03-300x300.png 300w, https:\/\/acrobatica.es\/app\/uploads\/2021\/06\/03-150x150.png 150w, https:\/\/acrobatica.es\/app\/uploads\/2021\/06\/03-768x768.png 768w, https:\/\/acrobatica.es\/app\/uploads\/2021\/06\/03-1536x1536.png 1536w, https:\/\/acrobatica.es\/app\/uploads\/2021\/06\/03-2048x2048.png 2048w, https:\/\/acrobatica.es\/app\/uploads\/2021\/06\/03-60x60.png 60w, https:\/\/acrobatica.es\/app\/uploads\/2021\/06\/03-70x70.png 70w, https:\/\/acrobatica.es\/app\/uploads\/2021\/06\/03-1920x1920.png 1920w\" sizes=\"(max-width: 1024px) 100vw, 1024px\" \/><\/figure>\n<\/div>\n<\/div>\n\n\n\n<div class=\"wp-block-columns muy-tablet-two-columns muy-not-reverted is-layout-flex wp-container-6\">\n<div class=\"wp-block-column is-vertically-aligned-center is-layout-flow\">\n<figure class=\"wp-block-image size-large\"><img decoding=\"async\" loading=\"lazy\" width=\"1024\" height=\"1024\" src=\"https:\/\/acrobatica.es\/app\/uploads\/2021\/06\/01-1024x1024.png\" alt=\"\" class=\"wp-image-32948\" srcset=\"https:\/\/acrobatica.es\/app\/uploads\/2021\/06\/01-1024x1024.png 1024w, https:\/\/acrobatica.es\/app\/uploads\/2021\/06\/01-300x300.png 300w, https:\/\/acrobatica.es\/app\/uploads\/2021\/06\/01-150x150.png 150w, https:\/\/acrobatica.es\/app\/uploads\/2021\/06\/01-768x768.png 768w, https:\/\/acrobatica.es\/app\/uploads\/2021\/06\/01-1536x1536.png 1536w, https:\/\/acrobatica.es\/app\/uploads\/2021\/06\/01-2048x2048.png 2048w, https:\/\/acrobatica.es\/app\/uploads\/2021\/06\/01-60x60.png 60w, https:\/\/acrobatica.es\/app\/uploads\/2021\/06\/01-70x70.png 70w, https:\/\/acrobatica.es\/app\/uploads\/2021\/06\/01-1920x1920.png 1920w\" sizes=\"(max-width: 1024px) 100vw, 1024px\" \/><\/figure>\n<\/div>\n\n\n\n<div class=\"wp-block-column is-vertically-aligned-center is-layout-flow\">\n<p class=\"has-large-font-size\">Nuestra fuerza, el recurso m\u00e1s preciado de&nbsp;<strong>Acrobatica\u00ae<\/strong> <strong>Iberica<\/strong>, son los hombres y las mujeres que la componen y que trabajan d\u00eda a d\u00eda compartiendo el objetivo del Grupo:&nbsp;<strong>crecer siempre<\/strong>, porque es impensable que nos quedemos quietos a complacernos para los resultados obtenidos.<\/p>\n\n\n\n<p class=\"has-large-font-size\">Cadascun de nosaltres se sent involucrat personalment, com un \u00e9sser hum\u00e0 <strong>\u00fanic<\/strong> i <strong>insubstitu\u00efble<\/strong>, en el projecte compartit de fer de la nostra <strong>tecnologia acrob\u00e0tica<\/strong> la tecnologia de construcci\u00f3 m\u00e9s estesa en el m\u00f3n.<\/p>\n<\/div>\n<\/div>\n\n\n\n<div style=\"height:40px\" aria-hidden=\"true\" class=\"wp-block-spacer\"><\/div>\n\n\n\n<p class=\"has-large-font-size\">Para&nbsp;<strong>incentivar<\/strong>&nbsp;y ayudar al&nbsp;<strong>crecimiento profesional y humano<\/strong>&nbsp;de las personas que pertenecen al mundo Acrobatica\u00ae, para ayudarlas a realizar sus sue\u00f1os y alcanzar sus objetivos, se ha creado la Academia Interna&nbsp;<strong>EDAC OSM-Partner<\/strong>&nbsp;que mensualmente brinda m\u00e1s d\u00edas de&nbsp;<strong>formaci\u00f3n<\/strong>&nbsp;para todos los empleados, proporcion\u00e1ndoles las herramientas necesarias para convertirles en las personas que desean ser.<\/p>\n\n\n\n<figure class=\"wp-block-image size-large\"><img decoding=\"async\" loading=\"lazy\" width=\"1024\" height=\"341\" src=\"https:\/\/acrobatica.es\/app\/uploads\/2021\/06\/05-1024x341.png\" alt=\"\" class=\"wp-image-33015\" srcset=\"https:\/\/acrobatica.es\/app\/uploads\/2021\/06\/05-1024x341.png 1024w, https:\/\/acrobatica.es\/app\/uploads\/2021\/06\/05-300x100.png 300w, https:\/\/acrobatica.es\/app\/uploads\/2021\/06\/05-768x256.png 768w, https:\/\/acrobatica.es\/app\/uploads\/2021\/06\/05-1536x512.png 1536w, https:\/\/acrobatica.es\/app\/uploads\/2021\/06\/05-2048x683.png 2048w, https:\/\/acrobatica.es\/app\/uploads\/2021\/06\/05-60x20.png 60w, https:\/\/acrobatica.es\/app\/uploads\/2021\/06\/05-70x23.png 70w, https:\/\/acrobatica.es\/app\/uploads\/2021\/06\/05-1920x640.png 1920w\" sizes=\"(max-width: 1024px) 100vw, 1024px\" \/><\/figure>\n\n\n\n<hr class=\"wp-block-separator has-css-opacity\"\/>\n\n\n\n<p class=\"has-large-font-size\"><em>\u201cUna empresa no es una isla, sino un archipi\u00e9lago formado por territorios infinitos y diferentes <\/em>-dice Anna Marras-, <em>cada uno diferente, pero cada uno indispensable.&nbsp;<strong>Acrobatica\u00ae<\/strong>&nbsp;es hoy un archipi\u00e9lago formado por m\u00e1s de 1000 islas, todas igualmente preciosas y necesarias, todas \u00fanicas e irrepetibles. Todas, para nosotros, igualmente importantes, porque es en el&nbsp;<strong>valor \u00fanico<\/strong>&nbsp;e<strong>&nbsp;insustituible<\/strong>&nbsp;de cada una donde se encuentra el ingrediente necesario para el \u00e9xito de todas\u201d.<\/em><\/p>\n\n\n\n<div style=\"height:100px\" aria-hidden=\"true\" class=\"wp-block-spacer\"><\/div>\n\n\n\n<h2 class=\"wp-block-heading has-4-xl-font-size\"><strong>Un m\u00f3n millor \u00e9s possible, \u00e9s m\u00e9s, per a nosaltres \u00e9s necessari i forma part de la nostra missi\u00f3.<\/strong><\/h2>\n\n\n\n<div style=\"height:40px\" aria-hidden=\"true\" class=\"wp-block-spacer\"><\/div>\n\n\n\n<p class=\"has-large-font-size\">Com a homes i dones sentim la <strong>responsabilitat social<\/strong> de contribuir activament a la <strong>millora de les condicions clim\u00e0tiques i del medi ambient<\/strong> del nostre planeta que \u00e9s la nostra primera llar, format per muntanyes, mars, rius, boscos i animals. No ens sentim \u2018amos\u2019 d\u2019aquesta terra sin\u00f3 hostes educats en el respecte i cura que necessita.<\/p>\n\n\n\n<p class=\"has-large-font-size\">La nostra mateixa tecnologia t\u00e9 un <strong>baix impacte ambiental,<\/strong> tant des del punt de vista de les emissions nocives com<strong> de l\u2019habitabilitat dels llocs per part dels residents i, en el cas de monuments hist\u00f2rics, per part dels turistes. La <\/strong>t\u00e8cnica del treball vertical amb corda de seguretat doble ens permet treballar sense generar aquests inconvenients deguts a les instal\u00b7lacions de bastides per als qui viuen en l\u2019edifici on treballem o per als qui visiten els meravellosos monuments que constitueixen el patrimoni art\u00edstic nacional del nostre Pa\u00eds.<\/p>\n\n\n\n<p class=\"has-large-font-size\">El respecte pel medi ambient i el territori, per a nosaltres, tamb\u00e9 es tradueix en la <strong>protecci\u00f3<\/strong> de la bellesa dels llocs, ja siguin edificis moderns o antics que gr\u00e0cies al nostre treball tornen a brillar, reflectint els raigs del sol.<\/p>\n","protected":false},"excerpt":{"rendered":"<p>Les persones s\u00f3n importants i nosaltres creiem en el potencial de cadascuna que forma part del nostre Grup. Aquest principi,&#8230;<\/p>\n","protected":false},"author":4,"featured_media":347026,"parent":0,"menu_order":0,"comment_status":"closed","ping_status":"closed","template":"","meta":[],"yoast_description":"Un m\u00f3n millor \u00e9s possible, \u00e9s m\u00e9s, per a nosaltres \u00e9s necessari i forma part de la nostra missi\u00f3.","yoast_title":"En qu\u00e8 creiem - Acrobatica","acf":[],"yoast_head":"<!-- This site is optimized with the Yoast SEO plugin v20.3 - https:\/\/yoast.com\/wordpress\/plugins\/seo\/ -->\n<title>En qu\u00e8 creiem - Acrobatica<\/title>\n<meta name=\"description\" content=\"Un m\u00f3n millor \u00e9s possible, \u00e9s m\u00e9s, per a nosaltres \u00e9s necessari i forma part de la nostra missi\u00f3.\" \/>\n<meta name=\"robots\" content=\"noindex, follow\" \/>\n<meta property=\"og:locale\" content=\"ca_ES\" \/>\n<meta property=\"og:type\" content=\"article\" \/>\n<meta property=\"og:title\" content=\"En qu\u00e8 creiem - Acrobatica\" \/>\n<meta property=\"og:description\" content=\"Un m\u00f3n millor \u00e9s possible, \u00e9s m\u00e9s, per a nosaltres \u00e9s necessari i forma part de la nostra missi\u00f3.\" \/>\n<meta property=\"og:url\" content=\"https:\/\/acrobatica.es\/ca\/en-que-creiem\/\" \/>\n<meta property=\"og:site_name\" content=\"Acrobatica\" \/>\n<meta property=\"article:modified_time\" content=\"2024-09-06T09:14:08+00:00\" \/>\n<meta property=\"og:image\" content=\"https:\/\/acrobatica.es\/app\/uploads\/2021\/06\/3V7A10321-scaled.jpg\" \/>\n\t<meta property=\"og:image:width\" content=\"2560\" \/>\n\t<meta property=\"og:image:height\" content=\"1707\" \/>\n\t<meta property=\"og:image:type\" content=\"image\/jpeg\" \/>\n<meta name=\"twitter:card\" content=\"summary_large_image\" \/>\n<meta name=\"twitter:label1\" content=\"Est. reading time\" \/>\n\t<meta name=\"twitter:data1\" content=\"3 minutes\" \/>\n<script type=\"application\/ld+json\" class=\"yoast-schema-graph\">{\"@context\":\"https:\/\/schema.org\",\"@graph\":[{\"@type\":\"WebPage\",\"@id\":\"https:\/\/acrobatica.es\/ca\/en-que-creiem\/\",\"url\":\"https:\/\/acrobatica.es\/ca\/en-que-creiem\/\",\"name\":\"En qu\u00e8 creiem - Acrobatica\",\"isPartOf\":{\"@id\":\"https:\/\/acrobatica.es\/#website\"},\"datePublished\":\"2022-11-11T11:18:58+00:00\",\"dateModified\":\"2024-09-06T09:14:08+00:00\",\"description\":\"Un m\u00f3n millor \u00e9s possible, \u00e9s m\u00e9s, per a nosaltres \u00e9s necessari i forma part de la nostra missi\u00f3.\",\"breadcrumb\":{\"@id\":\"https:\/\/acrobatica.es\/ca\/en-que-creiem\/#breadcrumb\"},\"inLanguage\":\"ca\",\"potentialAction\":[{\"@type\":\"ReadAction\",\"target\":[\"https:\/\/acrobatica.es\/ca\/en-que-creiem\/\"]}]},{\"@type\":\"BreadcrumbList\",\"@id\":\"https:\/\/acrobatica.es\/ca\/en-que-creiem\/#breadcrumb\",\"itemListElement\":[{\"@type\":\"ListItem\",\"position\":1,\"name\":\"Home\",\"item\":\"https:\/\/acrobatica.es\/ca\/\"},{\"@type\":\"ListItem\",\"position\":2,\"name\":\"En qu\u00e8 creiem\"}]},{\"@type\":\"WebSite\",\"@id\":\"https:\/\/acrobatica.es\/#website\",\"url\":\"https:\/\/acrobatica.es\/\",\"name\":\"Acrobatica\",\"description\":\"Ristrutturazioni edili senza ponteggi\",\"publisher\":{\"@id\":\"https:\/\/acrobatica.es\/#organization\"},\"potentialAction\":[{\"@type\":\"SearchAction\",\"target\":{\"@type\":\"EntryPoint\",\"urlTemplate\":\"https:\/\/acrobatica.es\/?s={search_term_string}\"},\"query-input\":\"required name=search_term_string\"}],\"inLanguage\":\"ca\"},{\"@type\":\"Organization\",\"@id\":\"https:\/\/acrobatica.es\/#organization\",\"name\":\"Acrobatica\u00ae\",\"url\":\"https:\/\/acrobatica.es\/\",\"logo\":{\"@type\":\"ImageObject\",\"inLanguage\":\"ca\",\"@id\":\"https:\/\/acrobatica.es\/#\/schema\/logo\/image\/\",\"url\":\"https:\/\/ediliziacrobatica.com\/web\/app\/uploads\/2021\/06\/logo-ediliziacrobatica.png\",\"contentUrl\":\"https:\/\/ediliziacrobatica.com\/web\/app\/uploads\/2021\/06\/logo-ediliziacrobatica.png\",\"width\":484,\"height\":104,\"caption\":\"Acrobatica\u00ae\"},\"image\":{\"@id\":\"https:\/\/acrobatica.es\/#\/schema\/logo\/image\/\"}}]}<\/script>\n<!-- \/ Yoast SEO plugin. -->","yoast_head_json":{"title":"En qu\u00e8 creiem - Acrobatica","description":"Un m\u00f3n millor \u00e9s possible, \u00e9s m\u00e9s, per a nosaltres \u00e9s necessari i forma part de la nostra missi\u00f3.","robots":{"index":"noindex","follow":"follow"},"og_locale":"ca_ES","og_type":"article","og_title":"En qu\u00e8 creiem - Acrobatica","og_description":"Un m\u00f3n millor \u00e9s possible, \u00e9s m\u00e9s, per a nosaltres \u00e9s necessari i forma part de la nostra missi\u00f3.","og_url":"https:\/\/acrobatica.es\/ca\/en-que-creiem\/","og_site_name":"Acrobatica","article_modified_time":"2024-09-06T09:14:08+00:00","og_image":[{"width":2560,"height":1707,"url":"https:\/\/acrobatica.es\/app\/uploads\/2021\/06\/3V7A10321-scaled.jpg","type":"image\/jpeg"}],"twitter_card":"summary_large_image","twitter_misc":{"Est. reading time":"3 minutes"},"schema":{"@context":"https:\/\/schema.org","@graph":[{"@type":"WebPage","@id":"https:\/\/acrobatica.es\/ca\/en-que-creiem\/","url":"https:\/\/acrobatica.es\/ca\/en-que-creiem\/","name":"En qu\u00e8 creiem - Acrobatica","isPartOf":{"@id":"https:\/\/acrobatica.es\/#website"},"datePublished":"2022-11-11T11:18:58+00:00","dateModified":"2024-09-06T09:14:08+00:00","description":"Un m\u00f3n millor \u00e9s possible, \u00e9s m\u00e9s, per a nosaltres \u00e9s necessari i forma part de la nostra missi\u00f3.","breadcrumb":{"@id":"https:\/\/acrobatica.es\/ca\/en-que-creiem\/#breadcrumb"},"inLanguage":"ca","potentialAction":[{"@type":"ReadAction","target":["https:\/\/acrobatica.es\/ca\/en-que-creiem\/"]}]},{"@type":"BreadcrumbList","@id":"https:\/\/acrobatica.es\/ca\/en-que-creiem\/#breadcrumb","itemListElement":[{"@type":"ListItem","position":1,"name":"Home","item":"https:\/\/acrobatica.es\/ca\/"},{"@type":"ListItem","position":2,"name":"En qu\u00e8 creiem"}]},{"@type":"WebSite","@id":"https:\/\/acrobatica.es\/#website","url":"https:\/\/acrobatica.es\/","name":"Acrobatica","description":"Ristrutturazioni edili senza ponteggi","publisher":{"@id":"https:\/\/acrobatica.es\/#organization"},"potentialAction":[{"@type":"SearchAction","target":{"@type":"EntryPoint","urlTemplate":"https:\/\/acrobatica.es\/?s={search_term_string}"},"query-input":"required name=search_term_string"}],"inLanguage":"ca"},{"@type":"Organization","@id":"https:\/\/acrobatica.es\/#organization","name":"Acrobatica\u00ae","url":"https:\/\/acrobatica.es\/","logo":{"@type":"ImageObject","inLanguage":"ca","@id":"https:\/\/acrobatica.es\/#\/schema\/logo\/image\/","url":"https:\/\/ediliziacrobatica.com\/web\/app\/uploads\/2021\/06\/logo-ediliziacrobatica.png","contentUrl":"https:\/\/ediliziacrobatica.com\/web\/app\/uploads\/2021\/06\/logo-ediliziacrobatica.png","width":484,"height":104,"caption":"Acrobatica\u00ae"},"image":{"@id":"https:\/\/acrobatica.es\/#\/schema\/logo\/image\/"}}]}},"_links":{"self":[{"href":"https:\/\/acrobatica.es\/ca\/wp-json\/wp\/v2\/pages\/350778"}],"collection":[{"href":"https:\/\/acrobatica.es\/ca\/wp-json\/wp\/v2\/pages"}],"about":[{"href":"https:\/\/acrobatica.es\/ca\/wp-json\/wp\/v2\/types\/page"}],"author":[{"embeddable":true,"href":"https:\/\/acrobatica.es\/ca\/wp-json\/wp\/v2\/users\/4"}],"replies":[{"embeddable":true,"href":"https:\/\/acrobatica.es\/ca\/wp-json\/wp\/v2\/comments?post=350778"}],"version-history":[{"count":6,"href":"https:\/\/acrobatica.es\/ca\/wp-json\/wp\/v2\/pages\/350778\/revisions"}],"predecessor-version":[{"id":352195,"href":"https:\/\/acrobatica.es\/ca\/wp-json\/wp\/v2\/pages\/350778\/revisions\/352195"}],"wp:featuredmedia":[{"embeddable":true,"href":"https:\/\/acrobatica.es\/ca\/wp-json\/wp\/v2\/media\/347026"}],"wp:attachment":[{"href":"https:\/\/acrobatica.es\/ca\/wp-json\/wp\/v2\/media?parent=350778"}],"curies":[{"name":"wp","href":"https:\/\/api.w.org\/{rel}","templated":true}]}}