{"id":350780,"date":"2022-11-11T12:20:18","date_gmt":"2022-11-11T11:20:18","guid":{"rendered":"https:\/\/acrobatica.es\/els-passos-donats\/"},"modified":"2025-09-29T18:04:19","modified_gmt":"2025-09-29T16:04:19","slug":"els-passos-donats","status":"publish","type":"page","link":"https:\/\/acrobatica.es\/ca\/els-passos-donats\/","title":{"rendered":"Els Passos Donats: Creixement i Valors d&#8217;Acrobatica Iberica"},"content":{"rendered":"<section id=\"thor-timeline-listblock_f726dca0144b96775bbc47454fff0511\" class=\"thor-timeline\">\n  <div class=\"timeline-wrapper\">\n            <article class=\"single-timeline\">\n            <h3 class=\"year desktop\">1994<\/h3>\n            <div class=\"time-wrapper\">\n                <h3 class=\"year mobile\">1994<\/h3>\n                <h2>La Fundaci\u00f3<\/h2>\n                <p><p>Riccardo Iovino, un capit\u00e0 genov\u00e8s acostumat a viatjar pel m\u00f3n en un veler, va fundar Acrobatica\u00ae. La idea va n\u00e9ixer gaireb\u00e9 per casualitat gr\u00e0cies a la seva gran habilitat per a moure\u2019s amb destresa, utilitzant la t\u00e8cnica amb cordes per a fer treballs de manteniment en els mastelers dels vaixells, fins i tot en altures elevades.\u201d<\/p>\n<\/p>\n                                  <a class=\"btn\" href=\"https:\/\/acrobatica.es\/ca\/la-nostra-historia\/\">\n                      Trobar m\u00e9s\n                  <\/a>\n                            <\/div>\n          <\/article>\n            <article class=\"single-timeline\">\n            <h3 class=\"year desktop\">2007<\/h3>\n            <div class=\"time-wrapper\">\n                <h3 class=\"year mobile\">2007<\/h3>\n                <h2>Any d&#8217;\u00e8xit<\/h2>\n                <p><p>A partir d\u2019aquest any, EA va canviar radicalment el seu enfocament empresarial: es dona prioritat a les persones a trav\u00e9s d\u2019una formaci\u00f3 dedicada i personalitzada per a cadascuna, amb camins de maduresa espec\u00edfics per a assegurar la seva plena satisfacci\u00f3 i compliment, gr\u00e0cies a la col\u00b7laboraci\u00f3 amb l\u2019empresa de formaci\u00f3 <strong>OSM Edac I-Profile.<\/strong>\u201c<\/p>\n<\/p>\n                                  <a class=\"btn\" href=\"https:\/\/acrobatica.es\/ca\/en-que-creiem\/\">\n                      Trobar m\u00e9s\n                  <\/a>\n                            <\/div>\n          <\/article>\n            <article class=\"single-timeline\">\n            <h3 class=\"year desktop\">2015<\/h3>\n            <div class=\"time-wrapper\">\n                <h3 class=\"year mobile\">2015<\/h3>\n                <h2>La Primera franqu\u00edcia EA<\/h2>\n                <p><p>Acrobatica\u00ae crea<strong> la primera Franqu\u00edcia de construcci\u00f3 operativa<\/strong> en el m\u00f3n, convertint-se en una realitat empresarial \u00fanica mundial.<\/p>\n<\/p>\n                            <\/div>\n          <\/article>\n            <article class=\"single-timeline\">\n            <h3 class=\"year desktop\">2017<\/h3>\n            <div class=\"time-wrapper\">\n                <h3 class=\"year mobile\">2017<\/h3>\n                <h2>La cotitzaci\u00f3 en la Borsa Italiana<\/h2>\n                <p><p>2017 \u00e9s un any m\u00e9s a emmarcar per a l\u2019empresa que accedeix al mercat de capitals amb l\u2019emissi\u00f3 de bons cotitzats en ExtraMot-Pro (Borsa Italiana) per 5 milions d\u2019euros.<\/p>\n<\/p>\n                            <\/div>\n          <\/article>\n            <article class=\"single-timeline\">\n            <h3 class=\"year desktop\">2019<\/h3>\n            <div class=\"time-wrapper\">\n                <h3 class=\"year mobile\">2019<\/h3>\n                <h2>La cotitzaci\u00f3 en Euronext Growth i la internacionalitzaci\u00f3<\/h2>\n                <p><p>Al mar\u00e7 del mateix any EA realitza la primera adquisici\u00f3 d\u2019una empresa estrangera, la francesa Etair M\u00e9diterran\u00e9e, amb la qual va iniciar el proc\u00e9s d\u2019internalitzaci\u00f3 i va obrir les primeres oficines operatives a Fran\u00e7a.<\/p>\n<\/p>\n                            <\/div>\n          <\/article>\n            <article class=\"single-timeline\">\n            <h3 class=\"year desktop\">2021<\/h3>\n            <div class=\"time-wrapper\">\n                <h3 class=\"year mobile\">2021<\/h3>\n                <h2>Continua l&#8217;expansi\u00f3 a Europa i creix l&#8217;inter\u00e8s d&#8217;EA cap a la Societat<\/h2>\n                <p><p>En el transcurs del 2021 es llan\u00e7a ESG amb el qual Acrobatica\u00ae, com a part del projecte Global Compact de Nacions Unides, vol generar un impacte positiu en la societat i l\u2019entorn en el qual opera.<\/p>\n<p>Tamb\u00e9 en aquest any es funda EnergyAcrobatica\u00ae110, la business unit de l\u2019empresa dedicada espec\u00edficament a projectes de restauraci\u00f3 que s\u2019enquadren en la prima d\u2019edificaci\u00f3 del 110%.<\/p>\n<p>Al maig de 2021 EA adquireix una branca de l\u2019empresa catalana Acc\u00e9s Vertical, entrant aix\u00ed mercat en espanyol i continuant el seu proc\u00e9s d\u2019internacionalitzaci\u00f3.<\/p>\n<\/p>\n                            <\/div>\n          <\/article>\n            <article class=\"single-timeline\">\n            <h3 class=\"year desktop\">2023<\/h3>\n            <div class=\"time-wrapper\">\n                <h3 class=\"year mobile\">2023<\/h3>\n                <h2>Orient Mitj\u00e0: Acrobatica\u00ae aterra a Dubai<\/h2>\n                <p><p>Amb l&#8217;adquisici\u00f3 del 51% d&#8217;Enigma Capital Investments, el h\u00f2lding d&#8217;acc\u00e9s per cordes dels EAU, Acrobatica\u00ae aterra oficialment a Dubai! Aquest esdeveniment marca la pres\u00e8ncia oficial de la nostra empresa no nom\u00e9s a 5 pa\u00efsos diferents, sin\u00f3 tamb\u00e9 en un nou continent.<\/p>\n<p>A m\u00e9s, amb aquesta adquisici\u00f3 ja som m\u00e9s de 2.200 persones.<\/p>\n<\/p>\n                            <\/div>\n          <\/article>\n      <\/div>\n<\/section>","protected":false},"excerpt":{"rendered":"","protected":false},"author":1,"featured_media":348246,"parent":0,"menu_order":0,"comment_status":"closed","ping_status":"closed","template":"","meta":[],"yoast_description":"Descobreix com Acrobatica Espa\u00f1a ha crescut, valors i moments clau a Els Passos Donats. Coneix la nostra hist\u00f2ria i filosofies d'empresa.","yoast_title":"Els Passos Donats: Creixement i Valors d'Acrobatica Iberica","acf":[],"yoast_head":"<!-- This site is optimized with the Yoast SEO plugin v20.3 - https:\/\/yoast.com\/wordpress\/plugins\/seo\/ -->\n<title>Els Passos Donats: Creixement i Valors d&#039;Acrobatica Iberica<\/title>\n<meta name=\"description\" content=\"Descobreix com Acrobatica Espa\u00f1a ha crescut, valors i moments clau a Els Passos Donats. Coneix la nostra hist\u00f2ria i filosofies d&#039;empresa.\" \/>\n<meta name=\"robots\" content=\"noindex, follow\" \/>\n<meta property=\"og:locale\" content=\"ca_ES\" \/>\n<meta property=\"og:type\" content=\"article\" \/>\n<meta property=\"og:title\" content=\"Els Passos Donats: Creixement i Valors d&#039;Acrobatica Iberica\" \/>\n<meta property=\"og:description\" content=\"Descobreix com Acrobatica Espa\u00f1a ha crescut, valors i moments clau a Els Passos Donats. Coneix la nostra hist\u00f2ria i filosofies d&#039;empresa.\" \/>\n<meta property=\"og:url\" content=\"https:\/\/acrobatica.es\/ca\/els-passos-donats\/\" \/>\n<meta property=\"og:site_name\" content=\"Acrobatica\" \/>\n<meta property=\"article:modified_time\" content=\"2025-09-29T16:04:19+00:00\" \/>\n<meta name=\"twitter:card\" content=\"summary_large_image\" \/>\n<meta name=\"twitter:image\" content=\"https:\/\/acrobatica.es\/app\/uploads\/2021\/06\/i-passi-compiuti-1440x420-1.svg\" \/>\n<script type=\"application\/ld+json\" class=\"yoast-schema-graph\">{\"@context\":\"https:\/\/schema.org\",\"@graph\":[{\"@type\":\"WebPage\",\"@id\":\"https:\/\/acrobatica.es\/ca\/els-passos-donats\/\",\"url\":\"https:\/\/acrobatica.es\/ca\/els-passos-donats\/\",\"name\":\"Els Passos Donats: Creixement i Valors d'Acrobatica Iberica\",\"isPartOf\":{\"@id\":\"https:\/\/acrobatica.es\/#website\"},\"datePublished\":\"2022-11-11T11:20:18+00:00\",\"dateModified\":\"2025-09-29T16:04:19+00:00\",\"description\":\"Descobreix com Acrobatica Espa\u00f1a ha crescut, valors i moments clau a Els Passos Donats. Coneix la nostra hist\u00f2ria i filosofies d'empresa.\",\"breadcrumb\":{\"@id\":\"https:\/\/acrobatica.es\/ca\/els-passos-donats\/#breadcrumb\"},\"inLanguage\":\"ca\",\"potentialAction\":[{\"@type\":\"ReadAction\",\"target\":[\"https:\/\/acrobatica.es\/ca\/els-passos-donats\/\"]}]},{\"@type\":\"BreadcrumbList\",\"@id\":\"https:\/\/acrobatica.es\/ca\/els-passos-donats\/#breadcrumb\",\"itemListElement\":[{\"@type\":\"ListItem\",\"position\":1,\"name\":\"Home\",\"item\":\"https:\/\/acrobatica.es\/ca\/\"},{\"@type\":\"ListItem\",\"position\":2,\"name\":\"Els Passos Donats: Creixement i Valors d&#8217;Acrobatica Iberica\"}]},{\"@type\":\"WebSite\",\"@id\":\"https:\/\/acrobatica.es\/#website\",\"url\":\"https:\/\/acrobatica.es\/\",\"name\":\"Acrobatica\",\"description\":\"Ristrutturazioni edili senza ponteggi\",\"publisher\":{\"@id\":\"https:\/\/acrobatica.es\/#organization\"},\"potentialAction\":[{\"@type\":\"SearchAction\",\"target\":{\"@type\":\"EntryPoint\",\"urlTemplate\":\"https:\/\/acrobatica.es\/?s={search_term_string}\"},\"query-input\":\"required name=search_term_string\"}],\"inLanguage\":\"ca\"},{\"@type\":\"Organization\",\"@id\":\"https:\/\/acrobatica.es\/#organization\",\"name\":\"Acrobatica\u00ae\",\"url\":\"https:\/\/acrobatica.es\/\",\"logo\":{\"@type\":\"ImageObject\",\"inLanguage\":\"ca\",\"@id\":\"https:\/\/acrobatica.es\/#\/schema\/logo\/image\/\",\"url\":\"https:\/\/ediliziacrobatica.com\/web\/app\/uploads\/2021\/06\/logo-ediliziacrobatica.png\",\"contentUrl\":\"https:\/\/ediliziacrobatica.com\/web\/app\/uploads\/2021\/06\/logo-ediliziacrobatica.png\",\"width\":484,\"height\":104,\"caption\":\"Acrobatica\u00ae\"},\"image\":{\"@id\":\"https:\/\/acrobatica.es\/#\/schema\/logo\/image\/\"}}]}<\/script>\n<!-- \/ Yoast SEO plugin. -->","yoast_head_json":{"title":"Els Passos Donats: Creixement i Valors d'Acrobatica Iberica","description":"Descobreix com Acrobatica Espa\u00f1a ha crescut, valors i moments clau a Els Passos Donats. Coneix la nostra hist\u00f2ria i filosofies d'empresa.","robots":{"index":"noindex","follow":"follow"},"og_locale":"ca_ES","og_type":"article","og_title":"Els Passos Donats: Creixement i Valors d'Acrobatica Iberica","og_description":"Descobreix com Acrobatica Espa\u00f1a ha crescut, valors i moments clau a Els Passos Donats. Coneix la nostra hist\u00f2ria i filosofies d'empresa.","og_url":"https:\/\/acrobatica.es\/ca\/els-passos-donats\/","og_site_name":"Acrobatica","article_modified_time":"2025-09-29T16:04:19+00:00","twitter_card":"summary_large_image","twitter_image":"https:\/\/acrobatica.es\/app\/uploads\/2021\/06\/i-passi-compiuti-1440x420-1.svg","schema":{"@context":"https:\/\/schema.org","@graph":[{"@type":"WebPage","@id":"https:\/\/acrobatica.es\/ca\/els-passos-donats\/","url":"https:\/\/acrobatica.es\/ca\/els-passos-donats\/","name":"Els Passos Donats: Creixement i Valors d'Acrobatica Iberica","isPartOf":{"@id":"https:\/\/acrobatica.es\/#website"},"datePublished":"2022-11-11T11:20:18+00:00","dateModified":"2025-09-29T16:04:19+00:00","description":"Descobreix com Acrobatica Espa\u00f1a ha crescut, valors i moments clau a Els Passos Donats. Coneix la nostra hist\u00f2ria i filosofies d'empresa.","breadcrumb":{"@id":"https:\/\/acrobatica.es\/ca\/els-passos-donats\/#breadcrumb"},"inLanguage":"ca","potentialAction":[{"@type":"ReadAction","target":["https:\/\/acrobatica.es\/ca\/els-passos-donats\/"]}]},{"@type":"BreadcrumbList","@id":"https:\/\/acrobatica.es\/ca\/els-passos-donats\/#breadcrumb","itemListElement":[{"@type":"ListItem","position":1,"name":"Home","item":"https:\/\/acrobatica.es\/ca\/"},{"@type":"ListItem","position":2,"name":"Els Passos Donats: Creixement i Valors d&#8217;Acrobatica Iberica"}]},{"@type":"WebSite","@id":"https:\/\/acrobatica.es\/#website","url":"https:\/\/acrobatica.es\/","name":"Acrobatica","description":"Ristrutturazioni edili senza ponteggi","publisher":{"@id":"https:\/\/acrobatica.es\/#organization"},"potentialAction":[{"@type":"SearchAction","target":{"@type":"EntryPoint","urlTemplate":"https:\/\/acrobatica.es\/?s={search_term_string}"},"query-input":"required name=search_term_string"}],"inLanguage":"ca"},{"@type":"Organization","@id":"https:\/\/acrobatica.es\/#organization","name":"Acrobatica\u00ae","url":"https:\/\/acrobatica.es\/","logo":{"@type":"ImageObject","inLanguage":"ca","@id":"https:\/\/acrobatica.es\/#\/schema\/logo\/image\/","url":"https:\/\/ediliziacrobatica.com\/web\/app\/uploads\/2021\/06\/logo-ediliziacrobatica.png","contentUrl":"https:\/\/ediliziacrobatica.com\/web\/app\/uploads\/2021\/06\/logo-ediliziacrobatica.png","width":484,"height":104,"caption":"Acrobatica\u00ae"},"image":{"@id":"https:\/\/acrobatica.es\/#\/schema\/logo\/image\/"}}]}},"_links":{"self":[{"href":"https:\/\/acrobatica.es\/ca\/wp-json\/wp\/v2\/pages\/350780"}],"collection":[{"href":"https:\/\/acrobatica.es\/ca\/wp-json\/wp\/v2\/pages"}],"about":[{"href":"https:\/\/acrobatica.es\/ca\/wp-json\/wp\/v2\/types\/page"}],"author":[{"embeddable":true,"href":"https:\/\/acrobatica.es\/ca\/wp-json\/wp\/v2\/users\/1"}],"replies":[{"embeddable":true,"href":"https:\/\/acrobatica.es\/ca\/wp-json\/wp\/v2\/comments?post=350780"}],"version-history":[{"count":12,"href":"https:\/\/acrobatica.es\/ca\/wp-json\/wp\/v2\/pages\/350780\/revisions"}],"predecessor-version":[{"id":353226,"href":"https:\/\/acrobatica.es\/ca\/wp-json\/wp\/v2\/pages\/350780\/revisions\/353226"}],"wp:featuredmedia":[{"embeddable":true,"href":"https:\/\/acrobatica.es\/ca\/wp-json\/wp\/v2\/media\/348246"}],"wp:attachment":[{"href":"https:\/\/acrobatica.es\/ca\/wp-json\/wp\/v2\/media?parent=350780"}],"curies":[{"name":"wp","href":"https:\/\/api.w.org\/{rel}","templated":true}]}}