{"id":350789,"date":"2022-11-11T14:54:12","date_gmt":"2022-11-11T13:54:12","guid":{"rendered":"https:\/\/acrobatica.es\/?page_id=350789"},"modified":"2025-04-09T11:49:57","modified_gmt":"2025-04-09T09:49:57","slug":"ofertes-de-feina","status":"publish","type":"page","link":"https:\/\/acrobatica.es\/ca\/ofertes-de-feina\/","title":{"rendered":"Ofertes de feina"},"content":{"rendered":"\n<h2 class=\"wp-block-heading\"><strong>La veritable for\u00e7a de Acrobatica\u00ae Iberica s\u00f3n les persones.<\/strong><\/h2>\n\n\n\n<p class=\"\">Acrobatica\u00ae Ib\u00e8rica \u00e9s una societat del grup Acrobatica\u00ae SPA empresa italiana creada en el lluny\u00e0 1994, va revolucionar completament la manera de fer obres eliminant les bastides i utilitzant la t\u00e8cnica de la doble corda de seguretat. Avui som l\u2019empresa l\u00edder en treballs verticals a It\u00e0lia, comptem amb una xarxa de m\u00e9s de noranta filials en territori itali\u00e0 i des del 2019, som presents a Fran\u00e7a amb la inauguraci\u00f3, en dos anys, de vuit ag\u00e8ncies. La nostra habilitat resideix a simplificar el que d\u2019una altra manera seria complicat, guanyant en efici\u00e8ncia i reduint el cost de les obres.<\/p>\n\n\n\n<p class=\"\">La nostra filosofia \u00e9s considerar a les persones el centre de tot. Una empresa est\u00e0 composta per persones i a Acrobatica\u00ae creiem que l\u2019\u00e8xit de qualsevol empresa, inclosa la nostra, dep\u00e8n completament de les persones que formen part d\u2019ella. \u00c9s el capital hum\u00e0 el que marca la difer\u00e8ncia i el que ens ha perm\u00e8s arribar fins aqu\u00ed. Ara, amb la nostra nova ag\u00e8ncia a Barcelona, s\u2019obren noves oportunitats per a nosaltres i els nostres futurs col\u00b7laboradors. T\u2019agradaria participar en aquesta nova expansi\u00f3?<\/p>\n\n\n\n<p class=\"\"><strong>No dubtis a enviar-nos el teu CV!<\/strong><\/p>\n\n\n\n<div class=\"wp-block-columns muy-tablet-two-columns muy-not-reverted is-layout-flex wp-container-5\">\n<div class=\"wp-block-column is-layout-flow\"><div class=\"wp-block-image\">\n<figure class=\"aligncenter size-full\"><a href=\"https:\/\/www.linkedin.com\/jobs\/ediliziacrobatica-iberica-jobs-worldwide\/?currentJobId=4191800073\" target=\"_blank\" rel=\"noreferrer noopener\"><img decoding=\"async\" loading=\"lazy\" width=\"400\" height=\"383\" src=\"https:\/\/acrobatica.es\/app\/uploads\/2022\/11\/logo_linkedin-400x383-1.png\" alt=\"\" class=\"wp-image-350790\" srcset=\"https:\/\/acrobatica.es\/app\/uploads\/2022\/11\/logo_linkedin-400x383-1.png 400w, https:\/\/acrobatica.es\/app\/uploads\/2022\/11\/logo_linkedin-400x383-1-300x287.png 300w, https:\/\/acrobatica.es\/app\/uploads\/2022\/11\/logo_linkedin-400x383-1-60x57.png 60w, https:\/\/acrobatica.es\/app\/uploads\/2022\/11\/logo_linkedin-400x383-1-70x67.png 70w\" sizes=\"(max-width: 400px) 100vw, 400px\" \/><\/a><\/figure><\/div>\n\n\n<div class=\"wp-block-buttons aligncenter is-content-justification-center is-layout-flex wp-container-1\">\n<div class=\"wp-block-button\"><a class=\"wp-block-button__link has-primary-color has-secondary-background-color has-text-color has-background wp-element-button\" href=\"https:\/\/www.linkedin.com\/jobs\/ediliziacrobatica-iberica-jobs-worldwide\/?currentJobId=4191800073\" target=\"_blank\" rel=\"noreferrer noopener\"><strong>Veure ofertes<\/strong><\/a><\/div>\n<\/div>\n<\/div>\n\n\n\n<div class=\"wp-block-column is-layout-flow\"><div class=\"wp-block-image\">\n<figure class=\"aligncenter size-full\"><a href=\"https:\/\/ediliziacrobatica.ofertas-trabajo.infojobs.net\/\"><img decoding=\"async\" loading=\"lazy\" width=\"400\" height=\"383\" src=\"https:\/\/acrobatica.es\/app\/uploads\/2022\/11\/logo_infojobs-400x383-1.png\" alt=\"\" class=\"wp-image-350792\" srcset=\"https:\/\/acrobatica.es\/app\/uploads\/2022\/11\/logo_infojobs-400x383-1.png 400w, https:\/\/acrobatica.es\/app\/uploads\/2022\/11\/logo_infojobs-400x383-1-300x287.png 300w, https:\/\/acrobatica.es\/app\/uploads\/2022\/11\/logo_infojobs-400x383-1-60x57.png 60w, https:\/\/acrobatica.es\/app\/uploads\/2022\/11\/logo_infojobs-400x383-1-70x67.png 70w\" sizes=\"(max-width: 400px) 100vw, 400px\" \/><\/a><\/figure><\/div>\n\n\n<div class=\"wp-block-buttons aligncenter is-content-justification-center is-layout-flex wp-container-3\">\n<div class=\"wp-block-button\"><a class=\"wp-block-button__link has-primary-color has-secondary-background-color has-text-color has-background wp-element-button\" href=\"https:\/\/ediliziacrobatica.ofertas-trabajo.infojobs.net\/\" target=\"_blank\" rel=\"noreferrer noopener\"><strong>Veure ofertes<\/strong><\/a><\/div>\n<\/div>\n<\/div>\n<\/div>\n","protected":false},"excerpt":{"rendered":"<p>La veritable for\u00e7a de Acrobatica\u00ae Iberica s\u00f3n les persones. Acrobatica\u00ae Ib\u00e8rica \u00e9s una societat del grup Acrobatica\u00ae SPA empresa italiana&#8230;<\/p>\n","protected":false},"author":1,"featured_media":0,"parent":0,"menu_order":0,"comment_status":"closed","ping_status":"closed","template":"","meta":[],"yoast_description":"Descobreix les oportunitats laborals i uneix-te al nostre equip. Troba el teu lloc ideal i forma part de la nostra fam\u00edlia.","yoast_title":"Ofertes de feina - Acrobatica","acf":[],"yoast_head":"<!-- This site is optimized with the Yoast SEO plugin v20.3 - https:\/\/yoast.com\/wordpress\/plugins\/seo\/ -->\n<title>Ofertes de feina - Acrobatica<\/title>\n<meta name=\"description\" content=\"Descobreix les oportunitats laborals i uneix-te al nostre equip. Troba el teu lloc ideal i forma part de la nostra fam\u00edlia.\" \/>\n<meta name=\"robots\" content=\"index, follow, max-snippet:-1, max-image-preview:large, max-video-preview:-1\" \/>\n<link rel=\"canonical\" href=\"https:\/\/acrobatica.es\/ca\/ofertes-de-feina\/\" \/>\n<meta property=\"og:locale\" content=\"ca_ES\" \/>\n<meta property=\"og:type\" content=\"article\" \/>\n<meta property=\"og:title\" content=\"Ofertes de feina - Acrobatica\" \/>\n<meta property=\"og:description\" content=\"Descobreix les oportunitats laborals i uneix-te al nostre equip. Troba el teu lloc ideal i forma part de la nostra fam\u00edlia.\" \/>\n<meta property=\"og:url\" content=\"https:\/\/acrobatica.es\/ca\/ofertes-de-feina\/\" \/>\n<meta property=\"og:site_name\" content=\"Acrobatica\" \/>\n<meta property=\"article:modified_time\" content=\"2025-04-09T09:49:57+00:00\" \/>\n<meta property=\"og:image\" content=\"https:\/\/acrobatica.es\/app\/uploads\/2022\/11\/logo_linkedin-400x383-1.png\" \/>\n<meta name=\"twitter:card\" content=\"summary_large_image\" \/>\n<meta name=\"twitter:label1\" content=\"Est. reading time\" \/>\n\t<meta name=\"twitter:data1\" content=\"2 minutes\" \/>\n<script type=\"application\/ld+json\" class=\"yoast-schema-graph\">{\"@context\":\"https:\/\/schema.org\",\"@graph\":[{\"@type\":\"WebPage\",\"@id\":\"https:\/\/acrobatica.es\/ca\/ofertes-de-feina\/\",\"url\":\"https:\/\/acrobatica.es\/ca\/ofertes-de-feina\/\",\"name\":\"Ofertes de feina - Acrobatica\",\"isPartOf\":{\"@id\":\"https:\/\/acrobatica.es\/#website\"},\"datePublished\":\"2022-11-11T13:54:12+00:00\",\"dateModified\":\"2025-04-09T09:49:57+00:00\",\"description\":\"Descobreix les oportunitats laborals i uneix-te al nostre equip. Troba el teu lloc ideal i forma part de la nostra fam\u00edlia.\",\"breadcrumb\":{\"@id\":\"https:\/\/acrobatica.es\/ca\/ofertes-de-feina\/#breadcrumb\"},\"inLanguage\":\"ca\",\"potentialAction\":[{\"@type\":\"ReadAction\",\"target\":[\"https:\/\/acrobatica.es\/ca\/ofertes-de-feina\/\"]}]},{\"@type\":\"BreadcrumbList\",\"@id\":\"https:\/\/acrobatica.es\/ca\/ofertes-de-feina\/#breadcrumb\",\"itemListElement\":[{\"@type\":\"ListItem\",\"position\":1,\"name\":\"Home\",\"item\":\"https:\/\/acrobatica.es\/ca\/\"},{\"@type\":\"ListItem\",\"position\":2,\"name\":\"Ofertes de feina\"}]},{\"@type\":\"WebSite\",\"@id\":\"https:\/\/acrobatica.es\/#website\",\"url\":\"https:\/\/acrobatica.es\/\",\"name\":\"Acrobatica\",\"description\":\"Ristrutturazioni edili senza ponteggi\",\"publisher\":{\"@id\":\"https:\/\/acrobatica.es\/#organization\"},\"potentialAction\":[{\"@type\":\"SearchAction\",\"target\":{\"@type\":\"EntryPoint\",\"urlTemplate\":\"https:\/\/acrobatica.es\/?s={search_term_string}\"},\"query-input\":\"required name=search_term_string\"}],\"inLanguage\":\"ca\"},{\"@type\":\"Organization\",\"@id\":\"https:\/\/acrobatica.es\/#organization\",\"name\":\"Acrobatica\u00ae\",\"url\":\"https:\/\/acrobatica.es\/\",\"logo\":{\"@type\":\"ImageObject\",\"inLanguage\":\"ca\",\"@id\":\"https:\/\/acrobatica.es\/#\/schema\/logo\/image\/\",\"url\":\"https:\/\/ediliziacrobatica.com\/web\/app\/uploads\/2021\/06\/logo-ediliziacrobatica.png\",\"contentUrl\":\"https:\/\/ediliziacrobatica.com\/web\/app\/uploads\/2021\/06\/logo-ediliziacrobatica.png\",\"width\":484,\"height\":104,\"caption\":\"Acrobatica\u00ae\"},\"image\":{\"@id\":\"https:\/\/acrobatica.es\/#\/schema\/logo\/image\/\"}}]}<\/script>\n<!-- \/ Yoast SEO plugin. -->","yoast_head_json":{"title":"Ofertes de feina - Acrobatica","description":"Descobreix les oportunitats laborals i uneix-te al nostre equip. Troba el teu lloc ideal i forma part de la nostra fam\u00edlia.","robots":{"index":"index","follow":"follow","max-snippet":"max-snippet:-1","max-image-preview":"max-image-preview:large","max-video-preview":"max-video-preview:-1"},"canonical":"https:\/\/acrobatica.es\/ca\/ofertes-de-feina\/","og_locale":"ca_ES","og_type":"article","og_title":"Ofertes de feina - Acrobatica","og_description":"Descobreix les oportunitats laborals i uneix-te al nostre equip. Troba el teu lloc ideal i forma part de la nostra fam\u00edlia.","og_url":"https:\/\/acrobatica.es\/ca\/ofertes-de-feina\/","og_site_name":"Acrobatica","article_modified_time":"2025-04-09T09:49:57+00:00","og_image":[{"url":"https:\/\/acrobatica.es\/app\/uploads\/2022\/11\/logo_linkedin-400x383-1.png"}],"twitter_card":"summary_large_image","twitter_misc":{"Est. reading time":"2 minutes"},"schema":{"@context":"https:\/\/schema.org","@graph":[{"@type":"WebPage","@id":"https:\/\/acrobatica.es\/ca\/ofertes-de-feina\/","url":"https:\/\/acrobatica.es\/ca\/ofertes-de-feina\/","name":"Ofertes de feina - Acrobatica","isPartOf":{"@id":"https:\/\/acrobatica.es\/#website"},"datePublished":"2022-11-11T13:54:12+00:00","dateModified":"2025-04-09T09:49:57+00:00","description":"Descobreix les oportunitats laborals i uneix-te al nostre equip. Troba el teu lloc ideal i forma part de la nostra fam\u00edlia.","breadcrumb":{"@id":"https:\/\/acrobatica.es\/ca\/ofertes-de-feina\/#breadcrumb"},"inLanguage":"ca","potentialAction":[{"@type":"ReadAction","target":["https:\/\/acrobatica.es\/ca\/ofertes-de-feina\/"]}]},{"@type":"BreadcrumbList","@id":"https:\/\/acrobatica.es\/ca\/ofertes-de-feina\/#breadcrumb","itemListElement":[{"@type":"ListItem","position":1,"name":"Home","item":"https:\/\/acrobatica.es\/ca\/"},{"@type":"ListItem","position":2,"name":"Ofertes de feina"}]},{"@type":"WebSite","@id":"https:\/\/acrobatica.es\/#website","url":"https:\/\/acrobatica.es\/","name":"Acrobatica","description":"Ristrutturazioni edili senza ponteggi","publisher":{"@id":"https:\/\/acrobatica.es\/#organization"},"potentialAction":[{"@type":"SearchAction","target":{"@type":"EntryPoint","urlTemplate":"https:\/\/acrobatica.es\/?s={search_term_string}"},"query-input":"required name=search_term_string"}],"inLanguage":"ca"},{"@type":"Organization","@id":"https:\/\/acrobatica.es\/#organization","name":"Acrobatica\u00ae","url":"https:\/\/acrobatica.es\/","logo":{"@type":"ImageObject","inLanguage":"ca","@id":"https:\/\/acrobatica.es\/#\/schema\/logo\/image\/","url":"https:\/\/ediliziacrobatica.com\/web\/app\/uploads\/2021\/06\/logo-ediliziacrobatica.png","contentUrl":"https:\/\/ediliziacrobatica.com\/web\/app\/uploads\/2021\/06\/logo-ediliziacrobatica.png","width":484,"height":104,"caption":"Acrobatica\u00ae"},"image":{"@id":"https:\/\/acrobatica.es\/#\/schema\/logo\/image\/"}}]}},"_links":{"self":[{"href":"https:\/\/acrobatica.es\/ca\/wp-json\/wp\/v2\/pages\/350789"}],"collection":[{"href":"https:\/\/acrobatica.es\/ca\/wp-json\/wp\/v2\/pages"}],"about":[{"href":"https:\/\/acrobatica.es\/ca\/wp-json\/wp\/v2\/types\/page"}],"author":[{"embeddable":true,"href":"https:\/\/acrobatica.es\/ca\/wp-json\/wp\/v2\/users\/1"}],"replies":[{"embeddable":true,"href":"https:\/\/acrobatica.es\/ca\/wp-json\/wp\/v2\/comments?post=350789"}],"version-history":[{"count":11,"href":"https:\/\/acrobatica.es\/ca\/wp-json\/wp\/v2\/pages\/350789\/revisions"}],"predecessor-version":[{"id":352912,"href":"https:\/\/acrobatica.es\/ca\/wp-json\/wp\/v2\/pages\/350789\/revisions\/352912"}],"wp:attachment":[{"href":"https:\/\/acrobatica.es\/ca\/wp-json\/wp\/v2\/media?parent=350789"}],"curies":[{"name":"wp","href":"https:\/\/api.w.org\/{rel}","templated":true}]}}